{"id":16700,"date":"2020-09-28T13:04:09","date_gmt":"2020-09-28T17:04:09","guid":{"rendered":"http:\/\/dinightingale.com\/?page_id=16700"},"modified":"2021-01-12T09:30:02","modified_gmt":"2021-01-12T14:30:02","slug":"privacy","status":"publish","type":"page","link":"https:\/\/dinightingale.com\/es\/privacy\/","title":{"rendered":"Privacy"},"content":{"rendered":"<div data-elementor-type=\"wp-page\" data-elementor-id=\"16700\" class=\"elementor elementor-16700\">\n\t\t\t\t\t\t<section class=\"elementor-section elementor-top-section elementor-element elementor-element-ad9d07e elementor-section-boxed elementor-section-height-default elementor-section-height-default\" data-id=\"ad9d07e\" data-element_type=\"section\" data-settings=\"{&quot;jet_parallax_layout_list&quot;:[{&quot;jet_parallax_layout_image&quot;:{&quot;url&quot;:&quot;&quot;,&quot;id&quot;:&quot;&quot;,&quot;size&quot;:&quot;&quot;},&quot;_id&quot;:&quot;47bddab&quot;,&quot;jet_parallax_layout_image_tablet&quot;:{&quot;url&quot;:&quot;&quot;,&quot;id&quot;:&quot;&quot;,&quot;size&quot;:&quot;&quot;},&quot;jet_parallax_layout_image_mobile&quot;:{&quot;url&quot;:&quot;&quot;,&quot;id&quot;:&quot;&quot;,&quot;size&quot;:&quot;&quot;},&quot;jet_parallax_layout_speed&quot;:{&quot;unit&quot;:&quot;%&quot;,&quot;size&quot;:50,&quot;sizes&quot;:[]},&quot;jet_parallax_layout_type&quot;:&quot;scroll&quot;,&quot;jet_parallax_layout_direction&quot;:null,&quot;jet_parallax_layout_fx_direction&quot;:null,&quot;jet_parallax_layout_z_index&quot;:&quot;&quot;,&quot;jet_parallax_layout_bg_x&quot;:50,&quot;jet_parallax_layout_bg_x_tablet&quot;:&quot;&quot;,&quot;jet_parallax_layout_bg_x_mobile&quot;:&quot;&quot;,&quot;jet_parallax_layout_bg_y&quot;:50,&quot;jet_parallax_layout_bg_y_tablet&quot;:&quot;&quot;,&quot;jet_parallax_layout_bg_y_mobile&quot;:&quot;&quot;,&quot;jet_parallax_layout_bg_size&quot;:&quot;auto&quot;,&quot;jet_parallax_layout_bg_size_tablet&quot;:&quot;&quot;,&quot;jet_parallax_layout_bg_size_mobile&quot;:&quot;&quot;,&quot;jet_parallax_layout_animation_prop&quot;:&quot;transform&quot;,&quot;jet_parallax_layout_on&quot;:[&quot;desktop&quot;,&quot;tablet&quot;]}]}\">\n\t\t\t\t\t\t<div class=\"elementor-container elementor-column-gap-default\">\n\t\t\t\t\t<div class=\"elementor-column elementor-col-100 elementor-top-column elementor-element elementor-element-533c18d\" data-id=\"533c18d\" data-element_type=\"column\">\n\t\t\t<div class=\"elementor-widget-wrap elementor-element-populated\">\n\t\t\t\t\t\t<div class=\"elementor-element elementor-element-26895cf elementor-widget elementor-widget-text-editor\" data-id=\"26895cf\" data-element_type=\"widget\" data-widget_type=\"text-editor.default\">\n\t\t\t\t<div class=\"elementor-widget-container\">\n\t\t\t\t\t\t\t\t\t<div class=\"entry-content clear\"><h1>Pol\u00edtica de privacidad<\/h1><p>POL\u00cdTICA DE PRIVACIDAD<\/p><p><strong>Quienes somos<\/strong><\/p><p>La direcci\u00f3n de nuestro sitio web es: http:\/\/dinightingale.com<\/p><p><strong>Qu\u00e9 datos personales recopilamos y por qu\u00e9 los recopilamos <\/strong><strong>Comments<\/strong><\/p><p>Cuando los visitantes dejan comentarios en el sitio, recopilamos los datos que se muestran en el formulario de comentarios, y tambi\u00e9n la direcci\u00f3n IP del visitante y la cadena del agente de usuario del navegador para ayudar a la detecci\u00f3n de spam.<\/p><p>Se puede proporcionar una cadena an\u00f3nima creada a partir de su direcci\u00f3n de correo electr\u00f3nico (tambi\u00e9n llamada hash) al servicio Gravatar para ver si la est\u00e1 utilizando. La pol\u00edtica de privacidad del servicio Gravatar est\u00e1 disponible aqu\u00ed: https:\/\/automattic.com\/privacy\/. Despu\u00e9s de la aprobaci\u00f3n de su comentario, su foto de perfil es visible para el p\u00fablico en el contexto de su comentario.<\/p><\/div><p><strong>Medios de comunicaci\u00f3n<\/strong><\/p><p>Si subes im\u00e1genes al sitio web, debes evitar subir im\u00e1genes con datos de ubicaci\u00f3n incrustados (GPS EXIF) incluidos. Los visitantes del sitio web pueden descargar y extraer cualquier dato de ubicaci\u00f3n de las im\u00e1genes del sitio web.<\/p><p><strong>Formularios de contacto Cookies<\/strong><\/p><p>Si deja un comentario en nuestro sitio, puede optar por guardar su nombre, direcci\u00f3n de correo electr\u00f3nico y sitio web en cookies. Estos son para su comodidad, para que no tenga que volver a rellenar sus datos cuando deje otro comentario. Estas cookies tendr\u00e1n una duraci\u00f3n de un a\u00f1o.<\/p><p>Si tiene una cuenta e inicia sesi\u00f3n en este sitio, estableceremos una cookie temporal para determinar si su navegador acepta cookies. Esta cookie no contiene datos personales y se descarta cuando cierra su navegador.<\/p><p>Cuando inicie sesi\u00f3n, tambi\u00e9n configuraremos varias cookies para guardar su informaci\u00f3n de inicio de sesi\u00f3n y sus opciones de visualizaci\u00f3n de pantalla. Las cookies de inicio de sesi\u00f3n duran dos d\u00edas y las cookies de opciones de pantalla duran un a\u00f1o. Si selecciona \"Recordarme\", su inicio de sesi\u00f3n persistir\u00e1 durante dos semanas. Si cierra sesi\u00f3n en su cuenta, se eliminar\u00e1n las cookies de inicio de sesi\u00f3n.<\/p><p>Si edita o publica un art\u00edculo, se guardar\u00e1 una cookie adicional en su navegador. Esta cookie no incluye datos personales y simplemente indica el ID de publicaci\u00f3n del art\u00edculo que acaba de editar. Caduca despu\u00e9s de 1 d\u00eda.<\/p><p><strong>Contenido incrustado de otros sitios web<\/strong><\/p><p>Los art\u00edculos en este sitio pueden incluir contenido incrustado (por ejemplo, videos, im\u00e1genes, art\u00edculos, etc.). El contenido incrustado de otros sitios web se comporta exactamente de la misma manera que si el visitante hubiera visitado el otro sitio web.<\/p><p>Estos sitios web pueden recopilar datos sobre usted, usar cookies, incrustar un seguimiento adicional de terceros y monitorear su interacci\u00f3n con ese contenido incrustado, incluido el seguimiento de su interacci\u00f3n con el contenido incrustado si tiene una cuenta y ha iniciado sesi\u00f3n en ese sitio web.<\/p><p><strong>Anal\u00edtica<\/strong><\/p><p><strong>Con qui\u00e9n compartimos sus datos<\/strong><\/p><p>Cu\u00e1nto tiempo conservamos sus datos<\/p><p>Si deja un comentario, el comentario y sus metadatos se conservan indefinidamente. Esto es para que podamos reconocer y aprobar cualquier comentario de seguimiento autom\u00e1ticamente en lugar de mantenerlos en una cola de moderaci\u00f3n.<\/p><p>Para los usuarios que se registran en nuestro sitio web (si los hay), tambi\u00e9n almacenamos la informaci\u00f3n personal que proporcionan en su perfil de usuario. Todos los usuarios pueden ver, editar o eliminar su informaci\u00f3n personal en cualquier momento (excepto que no pueden cambiar su nombre de usuario). Los administradores del sitio web tambi\u00e9n pueden ver y editar esa informaci\u00f3n.<\/p><p><strong>Qu\u00e9 derechos tienes sobre tus datos<\/strong><\/p><p>Si tiene una cuenta en este sitio o ha dejado comentarios, puede solicitar recibir un archivo exportado de los datos personales que tenemos sobre usted, incluidos los datos que nos haya proporcionado. Tambi\u00e9n puede solicitar que eliminemos cualquier dato personal que tengamos sobre usted. Esto no incluye ning\u00fan dato que estemos obligados a conservar con fines administrativos, legales o de seguridad.<\/p><p><strong>Donde enviamos tus datos<\/strong><\/p><p>Los comentarios de los visitantes puede que los revise un servicio de detecci\u00f3n autom\u00e1tica de spam.<\/p><p><strong>Tu informaci\u00f3n de contacto<\/strong><\/p><p><strong>Informaci\u00f3n adicional<\/strong><\/p><p><strong>C\u00f3mo protegemos sus datos<\/strong><\/p><p><strong>Qu\u00e9 procedimientos de violaci\u00f3n de datos tenemos implementados<\/strong><\/p><p><strong>De qu\u00e9 terceros recibimos datos<\/strong><\/p><p><strong>Qu\u00e9 toma de decisiones automatizada y\/o elaboraci\u00f3n de perfiles hacemos con los datos de los usuarios<\/strong><\/p><p><strong>Requisitos de divulgaci\u00f3n reglamentarios de la industria<\/strong><\/p><p>\u00a0<\/p><div class=\"entry-content clear\"><p>Nos tomamos muy en serio su privacidad y queremos que sepa c\u00f3mo recopilamos, usamos, compartimos y protegemos su informaci\u00f3n.<\/p><p><strong>Esta Pol\u00edtica de privacidad le dice:<\/strong><\/p><p>\u00b7         Qu\u00e9 informaci\u00f3n recopilamos<\/p><p>\u00b7         C\u00f3mo usamos esa informaci\u00f3n<\/p><p>\u00b7         C\u00f3mo podemos compartir esa informaci\u00f3n<\/p><p>\u00b7         C\u00f3mo protegemos su informaci\u00f3n<\/p><p>\u00b7         Sus opciones con respecto a su informaci\u00f3n personal<\/p><p>Esta Pol\u00edtica se aplica a Scented Potions.com, las tiendas de Scented Potions y otras ubicaciones bajo el nombre de Scented Potions. Podemos publicar informaci\u00f3n adicional si se necesitan m\u00e1s detalles para explicar nuestras pr\u00e1cticas de privacidad.<\/p><p>INFORMACI\u00d3N QUE RECOPILAMOS<\/p><p><strong>Informaci\u00f3n que nos proporciona<\/strong><br \/>Recibimos y podemos almacenar cualquier informaci\u00f3n que ingrese en nuestros sitios web, nos proporcione en nuestras tiendas o proporcione a trav\u00e9s de nuestras aplicaciones m\u00f3viles. Por ejemplo, recopilamos informaci\u00f3n sobre usted cuando realiza un pedido, crea una cuenta, nos llama con una pregunta, crea una lista de deseos, escribe una rese\u00f1a o utiliza cualquiera de nuestros servicios.<\/p><p>La informaci\u00f3n que recopilamos de usted incluye cosas como:<\/p><p>\u00b7         Su nombre<\/p><p>\u00b7         Su direcci\u00f3n postal<\/p><p>\u00b7         Su direcci\u00f3n de correo electr\u00f3nico<\/p><p>\u00b7\u00a0\u00a0\u00a0\u00a0\u00a0\u00a0\u00a0\u00a0 Your phone number<\/p><p>\u00b7         Su n\u00famero de tarjeta de cr\u00e9dito y otra informaci\u00f3n de pago<\/p><p>\u00b7         Su n\u00famero de licencia de conducir<\/p><p>\u00b7         Informaci\u00f3n de la solicitud de cr\u00e9dito, como su n\u00famero de Seguro Social<\/p><p>\u00b7         Informaci\u00f3n demogr\u00e1fica y de estilo de vida, como edad, intereses personales y preferencias de productos<\/p><p>\u00b7         Informaci\u00f3n sobre la ubicaci\u00f3n<\/p><p>Tambi\u00e9n puede incluir informaci\u00f3n que nos brinde sobre otras personas, como el nombre y la direcci\u00f3n del destinatario del regalo, o el nombre y la informaci\u00f3n de contacto de una persona que recoja a Friends &amp; Family.<\/p><p><strong>Informaci\u00f3n de otras fuentes<\/strong><br \/>Tambi\u00e9n podemos recibir informaci\u00f3n sobre usted de otras fuentes, incluidos terceros que nos ayudan a actualizar, ampliar y analizar nuestros registros e identificar nuevos clientes.<\/p><p><strong>Informaci\u00f3n Autom\u00e1tica<\/strong><br \/>Como muchos otros sitios web, tambi\u00e9n recopilamos informaci\u00f3n a trav\u00e9s de cookies y otros medios automatizados. Las cookies son com\u00fanmente utilizadas por los sitios web para guardar datos en su computadora. La informaci\u00f3n que recopilamos de las cookies puede incluir su direcci\u00f3n IP, las caracter\u00edsticas del navegador y del dispositivo, las URL de referencia y un registro de sus interacciones con nuestros sitios web. Usamos cookies para crear una experiencia de compra m\u00e1s personalizada en nuestros sitios web.<\/p><p>Un tipo de cookie puede permitirnos identificarlo como un cliente particular de una tienda minorista de Scented Potions cuando visita nuestros sitios web y vincular sus actividades en nuestros sitios web con sus interacciones con nosotros en nuestras tiendas. En combinaci\u00f3n con otra informaci\u00f3n que recopilamos, esta cookie puede facilitar la personalizaci\u00f3n de anuncios y ofertas para usted, a veces en relaci\u00f3n con la publicidad basada en intereses.<\/p><p>Para ayudarnos a comprender y mejorar nuestras interacciones con los visitantes de nuestros sitios web, podemos permitir que los proveedores de an\u00e1lisis web recopilen informaci\u00f3n en nuestros sitios web utilizando herramientas automatizadas como cookies o balizas web. Tambi\u00e9n podemos compartir informaci\u00f3n personal con esos proveedores. Es posible que tengamos acuerdos similares con anunciantes basados \u200b\u200ben intereses. La publicidad basada en intereses se cubre con m\u00e1s detalle a continuaci\u00f3n.<\/p><p><strong>Informaci\u00f3n sobre la ubicaci\u00f3n<\/strong><br \/>Algunos de nuestros sitios web y aplicaciones m\u00f3viles pueden recopilar cierta informaci\u00f3n, como el tipo de dispositivo m\u00f3vil que est\u00e1 utilizando o su ubicaci\u00f3n espec\u00edfica para ayudarlo a buscar una de nuestras tiendas. Para permitir que cualquier aplicaci\u00f3n identifique su ubicaci\u00f3n, debe habilitar esta funcionalidad a trav\u00e9s de la configuraci\u00f3n de su dispositivo m\u00f3vil para permitir el uso de tecnolog\u00edas como Wi-Fi, se\u00f1ales de GPS, posici\u00f3n de torre celular u otras tecnolog\u00edas. Scented Potions no tiene control sobre la configuraci\u00f3n de su dispositivo.<\/p><p><strong>Foros P\u00fablicos\u00a0<\/strong><br \/>Nuestros sitios web ofrecen blogs o foros comunitarios de acceso p\u00fablico. Debe tener en cuenta que cualquier informaci\u00f3n que proporcione en estas \u00e1reas puede ser le\u00edda, recopilada y utilizada por otras personas que accedan a ellas.<\/p><p>C\u00d3MO UTILIZAMOS LA INFORMACI\u00d3N QUE RECOPILAMOS<\/p><p>Usamos la informaci\u00f3n que recopilamos para cosas como:<\/p><p>\u00b7         Cumplir pedidos y solicitudes de productos, servicios o informaci\u00f3n<\/p><p>\u00b7         Procesamiento de devoluciones, cambios y solicitudes de reserva<\/p><p>\u00b7         Seguimiento y confirmaci\u00f3n de pedidos en l\u00ednea<\/p><p>\u00b7         Entrega o instalaci\u00f3n de productos<\/p><p>\u00b7         Administrar nuestro programa Reward Zone<\/p><p>\u00b7         Productos y servicios de marketing y publicidad<\/p><p>\u00b7         Realizaci\u00f3n de investigaciones y an\u00e1lisis<\/p><p>\u00b7         Establecer y administrar sus cuentas con nosotros<\/p><p>\u00b7         Comunicar cosas como eventos especiales, sorteos, promociones y encuestas<\/p><p>\u00b7         Procesamiento de tarjetas de regalo de Scented Potions<\/p><p>\u00b7         Identificarlo en nuestros sitios web y personalizar anuncios y ofertas para usted (tanto en nuestros sitios web como en otros sitios web) en funci\u00f3n de sus interacciones con nosotros en nuestras tiendas y en l\u00ednea<\/p><p>\u00b7\u00a0\u00a0\u00a0\u00a0\u00a0\u00a0\u00a0\u00a0 Facilitating interactions with Scented Potions and others, such as enabling you to e-mail a link to a friend<\/p><p>\u00b7         Operar, evaluar y mejorar nuestro negocio<\/p><p><strong>Retenci\u00f3n de datos<\/strong><br \/>Conservaremos su informaci\u00f3n mientras su cuenta est\u00e9 activa o seg\u00fan sea necesario para brindarle servicios, cumplir con nuestras obligaciones legales, resolver disputas y hacer cumplir nuestros acuerdos.<\/p><p>C\u00d3MO COMPARTIMOS LA INFORMACI\u00d3N QUE RECOPILAMOS<\/p><p>Scented Potions no vende, alquila ni intercambia su informaci\u00f3n personal con terceros.<\/p><p>Scented Potions Co., Inc. es la empresa matriz de Scented Potions Companies (\"Scented Potions\") y, como tal, si proporciona informaci\u00f3n a cualquiera de las empresas, tiendas o sitios web que son propiedad de Scented Potions u operados por Scented Potions, esta informaci\u00f3n puede combinarse o compartirse entre las entidades actuales o futuras de Scented Potions Co., Inc., incluidas las afiliadas y subsidiarias.<\/p><p>Podemos compartir su informaci\u00f3n con terceros para realizar servicios en nuestro nombre, tales como:<\/p><p>\u00b7         Cumplir pedidos<\/p><p>\u00b7         Entrega de paquetes<\/p><p>\u00b7         Programaci\u00f3n y realizaci\u00f3n de instalaciones<\/p><p>\u00b7         Productos de mantenimiento<\/p><p>\u00b7         Mantener nuestro programa Reward Zone<\/p><p>\u00b7         Env\u00edo de comunicaciones de marketing de Scented Potions<\/p><p>\u00b7         Cumplimiento de los servicios de suscripci\u00f3n<\/p><p>\u00b7         Realizaci\u00f3n de investigaciones y an\u00e1lisis<\/p><p>\u00b7         Solicitud de tarjetas de cr\u00e9dito y procesamiento de pagos con tarjeta de cr\u00e9dito<\/p><p>\u00b7         Proporcionar funciones de chat<\/p><p>En ocasiones, es posible que se nos solicite compartir informaci\u00f3n personal en respuesta a un reglamento, una orden judicial o una citaci\u00f3n. Tambi\u00e9n podemos compartir informaci\u00f3n cuando creamos que es necesario para cumplir con la ley. Tambi\u00e9n podemos compartir informaci\u00f3n para responder a una solicitud del gobierno o cuando creamos que la divulgaci\u00f3n es necesaria o apropiada para proteger los derechos, la propiedad o la seguridad de Scented Potions, nuestros clientes u otros; para prevenir da\u00f1os o p\u00e9rdidas; o en relaci\u00f3n con una investigaci\u00f3n de actividad ilegal sospechosa o real.<\/p><p>Tambi\u00e9n podemos compartir informaci\u00f3n personal en el caso de una venta corporativa, fusi\u00f3n, adquisici\u00f3n, disoluci\u00f3n o evento similar.<\/p><p>We may share personal information in connection with financial products or services related to our business such as private label credit cards. We may also share personal information in connection with co-branded product or service offerings. For example, when you apply for a Scented Potions credit card, we may share your personal information with our banking partners that issue the card.<\/p><p>C\u00d3MO PROTEGEMOS LA INFORMACI\u00d3N QUE RECOPILAMOS<\/p><p>Ya sea que est\u00e9 comprando en l\u00ednea o en nuestras tiendas, utilizamos medidas de seguridad razonables para proteger la confidencialidad de la informaci\u00f3n personal bajo nuestro control y limitar adecuadamente el acceso a ella. Scented Potions no puede asegurar ni garantizar la seguridad de ninguna informaci\u00f3n que nos transmita y lo hace bajo su propio riesgo.<\/p><p>Utilizamos una variedad de medidas de seguridad de la informaci\u00f3n para proteger sus transacciones en l\u00ednea con nosotros. Los sitios web de Scented Potions utilizan tecnolog\u00eda de cifrado, como Secure Sockets Layer (SSL), para proteger su informaci\u00f3n personal durante el transporte de datos. SSL protege la informaci\u00f3n que env\u00eda a trav\u00e9s de nuestros sitios web, como la informaci\u00f3n de pedidos, incluido su nombre, direcci\u00f3n y n\u00famero de tarjeta de cr\u00e9dito. La informaci\u00f3n que nos proporciona a trav\u00e9s de nuestro quiosco en la tienda no atraviesa la Internet p\u00fablica.<\/p><p>SUS OPCIONES CON RESPECTO A LA INFORMACI\u00d3N QUE RECOPILAMOS<\/p><p>Puede optar por:<\/p><p>\u00b7         Dejar de recibir correos electr\u00f3nicos promocionales o de marketing, correo directo, comunicaciones telef\u00f3nicas y m\u00f3viles de marketing<\/p><p>\u00b7         Actualizar y corregir su informaci\u00f3n personal<\/p><p>\u00b7         Cancelar su cuenta o solicitar que ya no usemos su informaci\u00f3n para brindarle servicios<\/p><p>\u00b7         Solicitar la eliminaci\u00f3n de su informaci\u00f3n personal de nuestro blog o foro de la comunidad<\/p><p>Para hacer cualquiera de estos, h\u00e1ganoslo saber por uno de estos m\u00e9todos:<\/p><p>\u00b7         Siga las instrucciones en un correo electr\u00f3nico de marketing o correo directo o comunicaci\u00f3n m\u00f3vil que reciba de nosotros<\/p><p>\u00b7         Llamada 1<a href=\"tel:305 209 1260\" target=\"_blank\" rel=\"noopener\" data-cke-saved-href=\"tel:305%20209%201260\">305-200-1260<\/a>\u00a0 con su solicitud e informaci\u00f3n de contacto actual<\/p><p>\u00b7         Env\u00ede un correo electr\u00f3nico con su solicitud y la informaci\u00f3n de contacto actual a: privacymanager@scentedpotions.com<\/p><ul><li>Env\u00ede una carta con su solicitud y la informaci\u00f3n de contacto actual a:<p>Pociones Perfumadas Corporativo<br \/>Atenci\u00f3n: Atenci\u00f3n al cliente\/Privacidad<br \/>512 S. Dixie Hwy<br \/>Hallandale, FL 33009<\/p><\/li><\/ul><ul><li>PROTEGER LA PRIVACIDAD DE LOS NI\u00d1OS<\/li><\/ul><p>Estamos comprometidos a proteger la privacidad de los ni\u00f1os en Internet y no recopilamos deliberadamente informaci\u00f3n personal de ni\u00f1os menores de 13 a\u00f1os.<\/p><p>ENLACES A OTROS SITIOS WEB<\/p><p>Nuestros sitios web tienen enlaces a otros sitios web, muchos de los cuales tienen sus propias pol\u00edticas de privacidad. Aseg\u00farese de revisar la pol\u00edtica de privacidad en el sitio que est\u00e1 visitando.<\/p><p>PRIVACY POLICY UPDATES<\/p><p>Es posible que debamos actualizar nuestra Pol\u00edtica de privacidad a medida que Pociones perfumadas y nuestros clientes crezcan y evolucionen. Si realizamos cambios significativos en la Pol\u00edtica de privacidad, publicaremos un mensaje destacado en nuestro(s) sitio(s) web.<\/p><p>\u00bfTIENE PREGUNTAS?<\/p><p>Si tiene alguna pregunta sobre nuestra Pol\u00edtica de privacidad, haremos todo lo posible para responderla. Aqu\u00ed le indicamos c\u00f3mo ponerse en contacto con nosotros:<\/p><p><strong>Tel\u00e9fono:<\/strong><br \/>1-<a href=\"tel:305 209 1260\" target=\"_blank\" rel=\"noopener\" data-cke-saved-href=\"tel:305%20209%201260\">305-200-1260<\/a><\/p><p><strong>Correo electr\u00f3nico:<\/strong><br \/><a href=\"mailto:privacymanager@scentedpotions.com\" data-cke-saved-href=\"mailto:privacymanager@scentedpotions.com\">privacymanager@scentedpotions.com<\/a><\/p><p><strong>Habla a:<\/strong><br \/>Pociones Perfumadas Corporativo<br \/>Atenci\u00f3n: Atenci\u00f3n al cliente\/Privacidad<br \/>200 SW 1st Ave<br \/>Hallandale, FL 33009<\/p><\/div>\t\t\t\t\t\t\t\t<\/div>\n\t\t\t\t<\/div>\n\t\t\t\t\t<\/div>\n\t\t<\/div>\n\t\t\t\t\t<\/div>\n\t\t<\/section>\n\t\t\t\t<\/div>","protected":false},"excerpt":{"rendered":"<p>Privacy Policy PRIVACY POLICY Who we are Our website address is: http:\/\/dinightingale.com What personal data we collect and why we collect it Comments When visitors leave comments on the site we collect the data shown in the comments form, and also the visitor\u2019s IP address and browser user agent string to help spam detection. An [&hellip;]<\/p>","protected":false},"author":23,"featured_media":0,"parent":0,"menu_order":0,"comment_status":"closed","ping_status":"closed","template":"","meta":{"site-sidebar-layout":"no-sidebar","site-content-layout":"page-builder","ast-site-content-layout":"","site-content-style":"default","site-sidebar-style":"default","ast-global-header-display":"","ast-banner-title-visibility":"","ast-main-header-display":"","ast-hfb-above-header-display":"","ast-hfb-below-header-display":"","ast-hfb-mobile-header-display":"","site-post-title":"disabled","ast-breadcrumbs-content":"","ast-featured-img":"disabled","footer-sml-layout":"","theme-transparent-header-meta":"","adv-header-id-meta":"","stick-header-meta":"","header-above-stick-meta":"","header-main-stick-meta":"","header-below-stick-meta":"","astra-migrate-meta-layouts":"default","ast-page-background-enabled":"default","ast-page-background-meta":{"desktop":{"background-color":"","background-image":"","background-repeat":"repeat","background-position":"center center","background-size":"auto","background-attachment":"scroll","background-type":"","background-media":"","overlay-type":"","overlay-color":"","overlay-gradient":""},"tablet":{"background-color":"","background-image":"","background-repeat":"repeat","background-position":"center center","background-size":"auto","background-attachment":"scroll","background-type":"","background-media":"","overlay-type":"","overlay-color":"","overlay-gradient":""},"mobile":{"background-color":"","background-image":"","background-repeat":"repeat","background-position":"center center","background-size":"auto","background-attachment":"scroll","background-type":"","background-media":"","overlay-type":"","overlay-color":"","overlay-gradient":""}},"ast-content-background-meta":{"desktop":{"background-color":"var(--ast-global-color-5)","background-image":"","background-repeat":"repeat","background-position":"center center","background-size":"auto","background-attachment":"scroll","background-type":"","background-media":"","overlay-type":"","overlay-color":"","overlay-gradient":""},"tablet":{"background-color":"var(--ast-global-color-5)","background-image":"","background-repeat":"repeat","background-position":"center center","background-size":"auto","background-attachment":"scroll","background-type":"","background-media":"","overlay-type":"","overlay-color":"","overlay-gradient":""},"mobile":{"background-color":"var(--ast-global-color-5)","background-image":"","background-repeat":"repeat","background-position":"center center","background-size":"auto","background-attachment":"scroll","background-type":"","background-media":"","overlay-type":"","overlay-color":"","overlay-gradient":""}},"footnotes":""},"_links":{"self":[{"href":"https:\/\/dinightingale.com\/es\/wp-json\/wp\/v2\/pages\/16700"}],"collection":[{"href":"https:\/\/dinightingale.com\/es\/wp-json\/wp\/v2\/pages"}],"about":[{"href":"https:\/\/dinightingale.com\/es\/wp-json\/wp\/v2\/types\/page"}],"author":[{"embeddable":true,"href":"https:\/\/dinightingale.com\/es\/wp-json\/wp\/v2\/users\/23"}],"replies":[{"embeddable":true,"href":"https:\/\/dinightingale.com\/es\/wp-json\/wp\/v2\/comments?post=16700"}],"version-history":[{"count":8,"href":"https:\/\/dinightingale.com\/es\/wp-json\/wp\/v2\/pages\/16700\/revisions"}],"predecessor-version":[{"id":24228,"href":"https:\/\/dinightingale.com\/es\/wp-json\/wp\/v2\/pages\/16700\/revisions\/24228"}],"wp:attachment":[{"href":"https:\/\/dinightingale.com\/es\/wp-json\/wp\/v2\/media?parent=16700"}],"curies":[{"name":"wp","href":"https:\/\/api.w.org\/{rel}","templated":true}]}}