{"id":16715,"date":"2020-09-28T13:58:19","date_gmt":"2020-09-28T17:58:19","guid":{"rendered":"http:\/\/dinightingale.com\/?page_id=16715"},"modified":"2022-02-24T18:59:43","modified_gmt":"2022-02-24T23:59:43","slug":"returns","status":"publish","type":"page","link":"https:\/\/dinightingale.com\/es\/returns\/","title":{"rendered":"Returns"},"content":{"rendered":"<div data-elementor-type=\"wp-page\" data-elementor-id=\"16715\" class=\"elementor elementor-16715\">\n\t\t\t\t\t\t<section class=\"elementor-section elementor-top-section elementor-element elementor-element-d9338d9 elementor-section-boxed elementor-section-height-default elementor-section-height-default\" data-id=\"d9338d9\" data-element_type=\"section\" data-settings=\"{&quot;jet_parallax_layout_list&quot;:[{&quot;jet_parallax_layout_image&quot;:{&quot;url&quot;:&quot;&quot;,&quot;id&quot;:&quot;&quot;,&quot;size&quot;:&quot;&quot;},&quot;_id&quot;:&quot;ef46f10&quot;,&quot;jet_parallax_layout_image_tablet&quot;:{&quot;url&quot;:&quot;&quot;,&quot;id&quot;:&quot;&quot;,&quot;size&quot;:&quot;&quot;},&quot;jet_parallax_layout_image_mobile&quot;:{&quot;url&quot;:&quot;&quot;,&quot;id&quot;:&quot;&quot;,&quot;size&quot;:&quot;&quot;},&quot;jet_parallax_layout_speed&quot;:{&quot;unit&quot;:&quot;%&quot;,&quot;size&quot;:50,&quot;sizes&quot;:[]},&quot;jet_parallax_layout_type&quot;:&quot;scroll&quot;,&quot;jet_parallax_layout_direction&quot;:null,&quot;jet_parallax_layout_fx_direction&quot;:null,&quot;jet_parallax_layout_z_index&quot;:&quot;&quot;,&quot;jet_parallax_layout_bg_x&quot;:50,&quot;jet_parallax_layout_bg_x_tablet&quot;:&quot;&quot;,&quot;jet_parallax_layout_bg_x_mobile&quot;:&quot;&quot;,&quot;jet_parallax_layout_bg_y&quot;:50,&quot;jet_parallax_layout_bg_y_tablet&quot;:&quot;&quot;,&quot;jet_parallax_layout_bg_y_mobile&quot;:&quot;&quot;,&quot;jet_parallax_layout_bg_size&quot;:&quot;auto&quot;,&quot;jet_parallax_layout_bg_size_tablet&quot;:&quot;&quot;,&quot;jet_parallax_layout_bg_size_mobile&quot;:&quot;&quot;,&quot;jet_parallax_layout_animation_prop&quot;:&quot;transform&quot;,&quot;jet_parallax_layout_on&quot;:[&quot;desktop&quot;,&quot;tablet&quot;]}]}\">\n\t\t\t\t\t\t<div class=\"elementor-container elementor-column-gap-default\">\n\t\t\t\t\t<div class=\"elementor-column elementor-col-100 elementor-top-column elementor-element elementor-element-4d6e881\" data-id=\"4d6e881\" data-element_type=\"column\">\n\t\t\t<div class=\"elementor-widget-wrap elementor-element-populated\">\n\t\t\t\t\t\t<div class=\"elementor-element elementor-element-dff645b elementor-widget elementor-widget-text-editor\" data-id=\"dff645b\" data-element_type=\"widget\" data-widget_type=\"text-editor.default\">\n\t\t\t\t<div class=\"elementor-widget-container\">\n\t\t\t\t\t\t\t\t\t<div class=\"entry-content clear\"><div class=\"vc_row wpb_row vc_row-fluid\"><div class=\"wpb_column vc_column_container vc_col-sm-12\"><div class=\"vc_column-inner\"><div class=\"wpb_wrapper\"><div class=\"g5plus-heading widget-title style_01 text-left dark\">Pol\u00edtica de devoluciones<\/div><\/div><\/div><\/div><\/div><div class=\"vc_row wpb_row vc_row-fluid\"><div class=\"wpb_column vc_column_container vc_col-sm-12\"><div class=\"vc_column-inner\"><div class=\"wpb_wrapper\"><div class=\"wpb_text_column wpb_content_element\"><div class=\"wpb_wrapper\"><p>Nosotros, en Damaris Nightingale, somos felices cuando t\u00fa eres feliz. Respaldamos nuestros productos de belleza y queremos asegurarnos de que siempre est\u00e9 satisfecho. De lo contrario, nuestro equipo har\u00e1 que su proceso de devoluci\u00f3n sea f\u00e1cil y sin problemas. Todo lo que tiene que hacer es devolver los art\u00edculos dentro de los 30 d\u00edas posteriores a su compra. Solo los productos comprados en Dinightingale.com pueden devolverse para obtener un reembolso completo en ese per\u00edodo de 30 d\u00edas. P\u00f3ngase en contacto con nuestro departamento de Atenci\u00f3n al Cliente al +1 954 907 9408 y solicite un n\u00famero de referencia RA. Los productos no se pueden devolver sin este n\u00famero.\u00a0<\/p><p>Los reembolsos se procesar\u00e1n en funci\u00f3n de la forma de pago original. Las devoluciones se procesar\u00e1n dentro de los 7 a 10 d\u00edas h\u00e1biles a partir de la fecha en que recibamos sus art\u00edculos. Luego acreditaremos la tarjeta utilizada originalmente para realizar su compra.\u00a0<\/p><p>Los siguientes art\u00edculos no pueden ser devueltos:<\/p><ul><li>Tarjetas de regalo del ruise\u00f1or de Damaris<\/li><li>Muestras de productos\/Productos promocionales<\/li><li>Productos individuales que se compraron originalmente como parte de un conjunto<\/li><li>Membres\u00eda de nuestras amigas del club familiar<\/li><\/ul><p>Los art\u00edculos comprados en uno de nuestros socios minoristas, ya sea en l\u00ednea o en una tienda, deben devolverse all\u00ed; consulte sus pol\u00edticas de devoluci\u00f3n en sus sitios web.\u00a0<\/p><p>Nuestra direcci\u00f3n de devoluci\u00f3n es:\u00a0<\/p><p>di ruise\u00f1or<\/p><p><b>Departamento de devoluciones<\/b><b><br \/><\/b><b>121 N Dixie Carretera<\/b><b><br \/><\/b><b>Playa de Hallandale, FL 33009<\/b>\u00a0<\/p><p>Para su protecci\u00f3n y para garantizar una entrega r\u00e1pida, le recomendamos que env\u00ede su devoluci\u00f3n a trav\u00e9s de UPS o Parcel Post asegurado. Tenga en cuenta que las tarifas de env\u00edo de devoluci\u00f3n no son reembolsables y son responsabilidad del cliente. Su reembolso se procesar\u00e1 en funci\u00f3n de la forma de pago original.<\/p><p><b>Art\u00edculos da\u00f1ados<\/b><\/p><p>Es normal que la caja de env\u00edo muestre algo de desgaste; sin embargo, si se da\u00f1aron los art\u00edculos de su env\u00edo, comun\u00edquese con el Servicio de atenci\u00f3n al cliente de Scented Potions al +1 954 907 9408 entre las 9:00 a. m. y las 5:30 p. m. EST., de lunes a viernes. Nuestros representantes de servicio al cliente estar\u00e1n encantados de ayudarle.\u00a0<\/p><p><b>Pol\u00edtica de cancelaci\u00f3n<\/b><\/p><p>Tenga en cuenta que nuestros sistemas de cumplimiento y env\u00edo de pedidos est\u00e1n dise\u00f1ados para que los pedidos lleguen a su destino de manera r\u00e1pida y eficiente. Por lo tanto, es posible que no podamos cambiar, ajustar el precio o cancelar un pedido una vez que se haya enviado; sin embargo, si el pedido no se ha procesado, con gusto intentaremos atender su solicitud.<\/p><\/div><\/div><\/div><\/div><\/div><\/div><\/div>\t\t\t\t\t\t\t\t<\/div>\n\t\t\t\t<\/div>\n\t\t\t\t\t<\/div>\n\t\t<\/div>\n\t\t\t\t\t<\/div>\n\t\t<\/section>\n\t\t\t\t<\/div>","protected":false},"excerpt":{"rendered":"<p>Return Policy We, at Damaris Nightingale are happy when you are happy. We stand behind our beauty products, and we want to make sure you\u2019re always satisfied. If not, our team will make your return process easy and seamless. All you have to do is return the items within 30 days of your purchase. Only [&hellip;]<\/p>","protected":false},"author":23,"featured_media":0,"parent":0,"menu_order":0,"comment_status":"closed","ping_status":"closed","template":"","meta":{"site-sidebar-layout":"no-sidebar","site-content-layout":"page-builder","ast-site-content-layout":"","site-content-style":"default","site-sidebar-style":"default","ast-global-header-display":"","ast-banner-title-visibility":"","ast-main-header-display":"","ast-hfb-above-header-display":"","ast-hfb-below-header-display":"","ast-hfb-mobile-header-display":"","site-post-title":"disabled","ast-breadcrumbs-content":"","ast-featured-img":"disabled","footer-sml-layout":"","theme-transparent-header-meta":"","adv-header-id-meta":"","stick-header-meta":"","header-above-stick-meta":"","header-main-stick-meta":"","header-below-stick-meta":"","astra-migrate-meta-layouts":"default","ast-page-background-enabled":"default","ast-page-background-meta":{"desktop":{"background-color":"","background-image":"","background-repeat":"repeat","background-position":"center center","background-size":"auto","background-attachment":"scroll","background-type":"","background-media":"","overlay-type":"","overlay-color":"","overlay-gradient":""},"tablet":{"background-color":"","background-image":"","background-repeat":"repeat","background-position":"center center","background-size":"auto","background-attachment":"scroll","background-type":"","background-media":"","overlay-type":"","overlay-color":"","overlay-gradient":""},"mobile":{"background-color":"","background-image":"","background-repeat":"repeat","background-position":"center center","background-size":"auto","background-attachment":"scroll","background-type":"","background-media":"","overlay-type":"","overlay-color":"","overlay-gradient":""}},"ast-content-background-meta":{"desktop":{"background-color":"var(--ast-global-color-5)","background-image":"","background-repeat":"repeat","background-position":"center center","background-size":"auto","background-attachment":"scroll","background-type":"","background-media":"","overlay-type":"","overlay-color":"","overlay-gradient":""},"tablet":{"background-color":"var(--ast-global-color-5)","background-image":"","background-repeat":"repeat","background-position":"center center","background-size":"auto","background-attachment":"scroll","background-type":"","background-media":"","overlay-type":"","overlay-color":"","overlay-gradient":""},"mobile":{"background-color":"var(--ast-global-color-5)","background-image":"","background-repeat":"repeat","background-position":"center center","background-size":"auto","background-attachment":"scroll","background-type":"","background-media":"","overlay-type":"","overlay-color":"","overlay-gradient":""}},"footnotes":""},"_links":{"self":[{"href":"https:\/\/dinightingale.com\/es\/wp-json\/wp\/v2\/pages\/16715"}],"collection":[{"href":"https:\/\/dinightingale.com\/es\/wp-json\/wp\/v2\/pages"}],"about":[{"href":"https:\/\/dinightingale.com\/es\/wp-json\/wp\/v2\/types\/page"}],"author":[{"embeddable":true,"href":"https:\/\/dinightingale.com\/es\/wp-json\/wp\/v2\/users\/23"}],"replies":[{"embeddable":true,"href":"https:\/\/dinightingale.com\/es\/wp-json\/wp\/v2\/comments?post=16715"}],"version-history":[{"count":8,"href":"https:\/\/dinightingale.com\/es\/wp-json\/wp\/v2\/pages\/16715\/revisions"}],"predecessor-version":[{"id":24933,"href":"https:\/\/dinightingale.com\/es\/wp-json\/wp\/v2\/pages\/16715\/revisions\/24933"}],"wp:attachment":[{"href":"https:\/\/dinightingale.com\/es\/wp-json\/wp\/v2\/media?parent=16715"}],"curies":[{"name":"wp","href":"https:\/\/api.w.org\/{rel}","templated":true}]}}