{"id":16721,"date":"2020-09-28T14:10:45","date_gmt":"2020-09-28T18:10:45","guid":{"rendered":"http:\/\/dinightingale.com\/?page_id=16721"},"modified":"2022-02-24T18:58:58","modified_gmt":"2022-02-24T23:58:58","slug":"shipping","status":"publish","type":"page","link":"https:\/\/dinightingale.com\/es\/shipping\/","title":{"rendered":"Transporte"},"content":{"rendered":"<div data-elementor-type=\"wp-page\" data-elementor-id=\"16721\" class=\"elementor elementor-16721\">\n\t\t\t\t\t\t<section class=\"elementor-section elementor-top-section elementor-element elementor-element-d9338d9 elementor-section-boxed elementor-section-height-default elementor-section-height-default\" data-id=\"d9338d9\" data-element_type=\"section\" data-settings=\"{&quot;jet_parallax_layout_list&quot;:[{&quot;jet_parallax_layout_image&quot;:{&quot;url&quot;:&quot;&quot;,&quot;id&quot;:&quot;&quot;,&quot;size&quot;:&quot;&quot;},&quot;_id&quot;:&quot;ef46f10&quot;,&quot;jet_parallax_layout_image_tablet&quot;:{&quot;url&quot;:&quot;&quot;,&quot;id&quot;:&quot;&quot;,&quot;size&quot;:&quot;&quot;},&quot;jet_parallax_layout_image_mobile&quot;:{&quot;url&quot;:&quot;&quot;,&quot;id&quot;:&quot;&quot;,&quot;size&quot;:&quot;&quot;},&quot;jet_parallax_layout_speed&quot;:{&quot;unit&quot;:&quot;%&quot;,&quot;size&quot;:50,&quot;sizes&quot;:[]},&quot;jet_parallax_layout_type&quot;:&quot;scroll&quot;,&quot;jet_parallax_layout_direction&quot;:null,&quot;jet_parallax_layout_fx_direction&quot;:null,&quot;jet_parallax_layout_z_index&quot;:&quot;&quot;,&quot;jet_parallax_layout_bg_x&quot;:50,&quot;jet_parallax_layout_bg_x_tablet&quot;:&quot;&quot;,&quot;jet_parallax_layout_bg_x_mobile&quot;:&quot;&quot;,&quot;jet_parallax_layout_bg_y&quot;:50,&quot;jet_parallax_layout_bg_y_tablet&quot;:&quot;&quot;,&quot;jet_parallax_layout_bg_y_mobile&quot;:&quot;&quot;,&quot;jet_parallax_layout_bg_size&quot;:&quot;auto&quot;,&quot;jet_parallax_layout_bg_size_tablet&quot;:&quot;&quot;,&quot;jet_parallax_layout_bg_size_mobile&quot;:&quot;&quot;,&quot;jet_parallax_layout_animation_prop&quot;:&quot;transform&quot;,&quot;jet_parallax_layout_on&quot;:[&quot;desktop&quot;,&quot;tablet&quot;]}]}\">\n\t\t\t\t\t\t<div class=\"elementor-container elementor-column-gap-default\">\n\t\t\t\t\t<div class=\"elementor-column elementor-col-100 elementor-top-column elementor-element elementor-element-4d6e881\" data-id=\"4d6e881\" data-element_type=\"column\">\n\t\t\t<div class=\"elementor-widget-wrap elementor-element-populated\">\n\t\t\t\t\t\t<div class=\"elementor-element elementor-element-dff645b elementor-widget elementor-widget-text-editor\" data-id=\"dff645b\" data-element_type=\"widget\" data-widget_type=\"text-editor.default\">\n\t\t\t\t<div class=\"elementor-widget-container\">\n\t\t\t\t\t\t\t\t\t<p>M\u00c9TODOS Y PLAZOS DE ENV\u00cdO<\/p><p>M\u00e9todos de env\u00edo para clientes de EE. UU.<\/p><p>Ofrecemos tres m\u00e9todos para enviar sus pedidos desde Scented Potions:<\/p><p>Est\u00e1ndar \u2013 4 a 8 d\u00edas h\u00e1biles<br \/>Incluye 1 d\u00eda de tr\u00e1mite y de 3 a 7 d\u00edas de tr\u00e1nsito.<br \/>Acelerado - 3 d\u00edas h\u00e1biles<br \/>Incluye 1 d\u00eda de procesamiento y 2 d\u00edas de tr\u00e1nsito.<br \/>Express \u2013 2 d\u00edas h\u00e1biles<br \/>Incluye 1 d\u00eda de procesamiento y 1 d\u00eda de tr\u00e1nsito.<\/p><p>Los d\u00edas h\u00e1biles incluyen de lunes a viernes, excepto festivos.<\/p><p>Un cargo por env\u00edo acelerado est\u00e1 disponible a trav\u00e9s de FedEx. El env\u00edo acelerado no se rige por nuestra pol\u00edtica de env\u00edo gratuito.<\/p><p>ENV\u00cdO INTERNACIONAL<\/p><p>Para env\u00edos internacionales, consulte el precio cotizado seg\u00fan su pa\u00eds.<\/p><p>El tiempo estimado de entrega para env\u00edos internacionales es de 7 a 14 d\u00edas.<\/p><p>ENV\u00cdO GRATIS<\/p><p>Damaris Nightingale puede ofrecer env\u00edo est\u00e1ndar gratuito por USPS, UPS Ground o FedEx Ground a discreci\u00f3n de los transportistas. Los n\u00fameros de seguimiento se proporcionar\u00e1n en la p\u00e1gina de detalles del producto cuando se env\u00eden los art\u00edculos.<\/p>\t\t\t\t\t\t\t\t<\/div>\n\t\t\t\t<\/div>\n\t\t\t\t\t<\/div>\n\t\t<\/div>\n\t\t\t\t\t<\/div>\n\t\t<\/section>\n\t\t\t\t<\/div>","protected":false},"excerpt":{"rendered":"<p>SHIPPING METHODS &amp; TIMING Shipping Methods For US Customers We offer three methods for shipping your orders from Scented Potions: Standard \u2013 4 to 8 business daysIncludes 1 day for processing and 3 to 7 days for transit.Expedited \u2013 3 business daysIncludes 1 day for processing and 2 days for transit.Express \u2013 2 business daysIncludes [&hellip;]<\/p>","protected":false},"author":23,"featured_media":0,"parent":0,"menu_order":0,"comment_status":"closed","ping_status":"closed","template":"","meta":{"site-sidebar-layout":"no-sidebar","site-content-layout":"page-builder","ast-site-content-layout":"","site-content-style":"default","site-sidebar-style":"default","ast-global-header-display":"","ast-banner-title-visibility":"","ast-main-header-display":"","ast-hfb-above-header-display":"","ast-hfb-below-header-display":"","ast-hfb-mobile-header-display":"","site-post-title":"disabled","ast-breadcrumbs-content":"","ast-featured-img":"disabled","footer-sml-layout":"","theme-transparent-header-meta":"default","adv-header-id-meta":"","stick-header-meta":"","header-above-stick-meta":"","header-main-stick-meta":"","header-below-stick-meta":"","astra-migrate-meta-layouts":"default","ast-page-background-enabled":"default","ast-page-background-meta":{"desktop":{"background-color":"","background-image":"","background-repeat":"repeat","background-position":"center center","background-size":"auto","background-attachment":"scroll","background-type":"","background-media":"","overlay-type":"","overlay-color":"","overlay-gradient":""},"tablet":{"background-color":"","background-image":"","background-repeat":"repeat","background-position":"center center","background-size":"auto","background-attachment":"scroll","background-type":"","background-media":"","overlay-type":"","overlay-color":"","overlay-gradient":""},"mobile":{"background-color":"","background-image":"","background-repeat":"repeat","background-position":"center center","background-size":"auto","background-attachment":"scroll","background-type":"","background-media":"","overlay-type":"","overlay-color":"","overlay-gradient":""}},"ast-content-background-meta":{"desktop":{"background-color":"var(--ast-global-color-5)","background-image":"","background-repeat":"repeat","background-position":"center center","background-size":"auto","background-attachment":"scroll","background-type":"","background-media":"","overlay-type":"","overlay-color":"","overlay-gradient":""},"tablet":{"background-color":"var(--ast-global-color-5)","background-image":"","background-repeat":"repeat","background-position":"center center","background-size":"auto","background-attachment":"scroll","background-type":"","background-media":"","overlay-type":"","overlay-color":"","overlay-gradient":""},"mobile":{"background-color":"var(--ast-global-color-5)","background-image":"","background-repeat":"repeat","background-position":"center center","background-size":"auto","background-attachment":"scroll","background-type":"","background-media":"","overlay-type":"","overlay-color":"","overlay-gradient":""}},"footnotes":""},"_links":{"self":[{"href":"https:\/\/dinightingale.com\/es\/wp-json\/wp\/v2\/pages\/16721"}],"collection":[{"href":"https:\/\/dinightingale.com\/es\/wp-json\/wp\/v2\/pages"}],"about":[{"href":"https:\/\/dinightingale.com\/es\/wp-json\/wp\/v2\/types\/page"}],"author":[{"embeddable":true,"href":"https:\/\/dinightingale.com\/es\/wp-json\/wp\/v2\/users\/23"}],"replies":[{"embeddable":true,"href":"https:\/\/dinightingale.com\/es\/wp-json\/wp\/v2\/comments?post=16721"}],"version-history":[{"count":5,"href":"https:\/\/dinightingale.com\/es\/wp-json\/wp\/v2\/pages\/16721\/revisions"}],"predecessor-version":[{"id":24930,"href":"https:\/\/dinightingale.com\/es\/wp-json\/wp\/v2\/pages\/16721\/revisions\/24930"}],"wp:attachment":[{"href":"https:\/\/dinightingale.com\/es\/wp-json\/wp\/v2\/media?parent=16721"}],"curies":[{"name":"wp","href":"https:\/\/api.w.org\/{rel}","templated":true}]}}