{"id":16724,"date":"2020-09-28T14:14:28","date_gmt":"2020-09-28T18:14:28","guid":{"rendered":"http:\/\/dinightingale.com\/?page_id=16724"},"modified":"2022-02-24T18:40:01","modified_gmt":"2022-02-24T23:40:01","slug":"terms-condition","status":"publish","type":"page","link":"https:\/\/dinightingale.com\/es\/terms-condition\/","title":{"rendered":"Terms  &#038; Condition"},"content":{"rendered":"<div data-elementor-type=\"wp-page\" data-elementor-id=\"16724\" class=\"elementor elementor-16724\">\n\t\t\t\t\t\t<section class=\"elementor-section elementor-top-section elementor-element elementor-element-73bb5be elementor-section-boxed elementor-section-height-default elementor-section-height-default\" data-id=\"73bb5be\" data-element_type=\"section\" data-settings=\"{&quot;jet_parallax_layout_list&quot;:[{&quot;jet_parallax_layout_image&quot;:{&quot;url&quot;:&quot;&quot;,&quot;id&quot;:&quot;&quot;,&quot;size&quot;:&quot;&quot;},&quot;_id&quot;:&quot;ba924ac&quot;,&quot;jet_parallax_layout_image_tablet&quot;:{&quot;url&quot;:&quot;&quot;,&quot;id&quot;:&quot;&quot;,&quot;size&quot;:&quot;&quot;},&quot;jet_parallax_layout_image_mobile&quot;:{&quot;url&quot;:&quot;&quot;,&quot;id&quot;:&quot;&quot;,&quot;size&quot;:&quot;&quot;},&quot;jet_parallax_layout_speed&quot;:{&quot;unit&quot;:&quot;%&quot;,&quot;size&quot;:50,&quot;sizes&quot;:[]},&quot;jet_parallax_layout_type&quot;:&quot;scroll&quot;,&quot;jet_parallax_layout_direction&quot;:null,&quot;jet_parallax_layout_fx_direction&quot;:null,&quot;jet_parallax_layout_z_index&quot;:&quot;&quot;,&quot;jet_parallax_layout_bg_x&quot;:50,&quot;jet_parallax_layout_bg_x_tablet&quot;:&quot;&quot;,&quot;jet_parallax_layout_bg_x_mobile&quot;:&quot;&quot;,&quot;jet_parallax_layout_bg_y&quot;:50,&quot;jet_parallax_layout_bg_y_tablet&quot;:&quot;&quot;,&quot;jet_parallax_layout_bg_y_mobile&quot;:&quot;&quot;,&quot;jet_parallax_layout_bg_size&quot;:&quot;auto&quot;,&quot;jet_parallax_layout_bg_size_tablet&quot;:&quot;&quot;,&quot;jet_parallax_layout_bg_size_mobile&quot;:&quot;&quot;,&quot;jet_parallax_layout_animation_prop&quot;:&quot;transform&quot;,&quot;jet_parallax_layout_on&quot;:[&quot;desktop&quot;,&quot;tablet&quot;]}]}\">\n\t\t\t\t\t\t<div class=\"elementor-container elementor-column-gap-default\">\n\t\t\t\t\t<div class=\"elementor-column elementor-col-100 elementor-top-column elementor-element elementor-element-55f5960\" data-id=\"55f5960\" data-element_type=\"column\">\n\t\t\t<div class=\"elementor-widget-wrap elementor-element-populated\">\n\t\t\t\t\t\t<div class=\"elementor-element elementor-element-e514ff4 elementor-widget elementor-widget-text-editor\" data-id=\"e514ff4\" data-element_type=\"widget\" data-widget_type=\"text-editor.default\">\n\t\t\t\t<div class=\"elementor-widget-container\">\n\t\t\t\t\t\t\t\t\t<div><article><div><div><div><div><div><div>T\u00c9RMINOS Y CONDICIONES<\/div><div><div><p>By visiting this site you agree to the following Terms of Use:<\/p><p>Toda la informaci\u00f3n, productos y servicios proporcionados por Scented Potions se proporcionan \"tal cual\" y \"seg\u00fan disponibilidad\" sin garant\u00eda de ning\u00fan tipo. Por la presente, Scented Potions renuncia a todas las garant\u00edas y condiciones con respecto a esta informaci\u00f3n y servicios, incluidas todas las garant\u00edas y condiciones impl\u00edcitas de comerciabilidad, idoneidad para un prop\u00f3sito particular, t\u00edtulo y no infracci\u00f3n.<\/p><p>En ning\u00fan caso Di nightingale ser\u00e1 responsable de da\u00f1os especiales, indirectos o consecuentes o cualquier da\u00f1o que resulte de la p\u00e9rdida de uso, datos o ganancias, ya sea en una acci\u00f3n de contrato, negligencia u otra acci\u00f3n tortuosa, que surja de o en en relaci\u00f3n con el uso o rendimiento de la informaci\u00f3n o los servicios proporcionados en el sitio web eminenceorganics.com.<\/p><p>En caso de cualquier disputa que surja de estos T\u00e9rminos de uso, se considerar\u00e1 que rigen las leyes del Estado de Florida y las leyes federales de los Estados Unidos aplicables y usted acepta someterse a la jurisdicci\u00f3n exclusiva y personal de los tribunales. de tales estados en relaci\u00f3n con tal disputa.<\/p><p>Nos reservamos el derecho de cancelar o revisar suscripciones, precios y documentaci\u00f3n en cualquier momento sin previo aviso.<\/p><p>Di nightingale puede, en cualquier momento y de vez en cuando, revisar estos T\u00e9rminos de uso actualizando esta publicaci\u00f3n. Al usar este sitio, usted acepta estar sujeto a estos T\u00e9rminos de uso y cualquier revisi\u00f3n de los mismos y acepta que, por lo tanto, debe visitar peri\u00f3dicamente esta publicaci\u00f3n para determinar los T\u00e9rminos de uso vigentes en ese momento por los cuales est\u00e1 sujeto.<\/p><p>Si tiene alguna pregunta con respecto a este acuerdo, env\u00edela a:<\/p><p>di ruise\u00f1or<br \/>121 N Dixie Carretera\u00a0<br \/>Playa de Hallandale, FL 33009<br \/>USA<\/p><p>Tel\u00e9fono 1 954 957 3155<br \/>Correo electr\u00f3nico: <a href=\"mailto:dnightingale@scentedpotions.com\">dnightingale@scentedpotions.com<\/a><\/p><\/div><\/div><\/div><\/div><\/div><\/div><\/div><\/article><\/div>\t\t\t\t\t\t\t\t<\/div>\n\t\t\t\t<\/div>\n\t\t\t\t\t<\/div>\n\t\t<\/div>\n\t\t\t\t\t<\/div>\n\t\t<\/section>\n\t\t\t\t<\/div>","protected":false},"excerpt":{"rendered":"<p>TERMS &amp; CONDITIONS By visiting this site you agree to the following Terms of Use: All information, products and services provided by Scented Potions are provided \u201cas is\u201d and \u201cas available\u201d without warranty of any kind. Scented Potions hereby disclaims all warranties and conditions with regard to this information and services, including all implied warranties [&hellip;]<\/p>","protected":false},"author":23,"featured_media":0,"parent":0,"menu_order":0,"comment_status":"closed","ping_status":"closed","template":"","meta":{"site-sidebar-layout":"no-sidebar","site-content-layout":"page-builder","ast-site-content-layout":"","site-content-style":"default","site-sidebar-style":"default","ast-global-header-display":"","ast-banner-title-visibility":"","ast-main-header-display":"","ast-hfb-above-header-display":"","ast-hfb-below-header-display":"","ast-hfb-mobile-header-display":"","site-post-title":"disabled","ast-breadcrumbs-content":"","ast-featured-img":"disabled","footer-sml-layout":"","theme-transparent-header-meta":"","adv-header-id-meta":"","stick-header-meta":"","header-above-stick-meta":"","header-main-stick-meta":"","header-below-stick-meta":"","astra-migrate-meta-layouts":"default","ast-page-background-enabled":"default","ast-page-background-meta":{"desktop":{"background-color":"","background-image":"","background-repeat":"repeat","background-position":"center center","background-size":"auto","background-attachment":"scroll","background-type":"","background-media":"","overlay-type":"","overlay-color":"","overlay-gradient":""},"tablet":{"background-color":"","background-image":"","background-repeat":"repeat","background-position":"center center","background-size":"auto","background-attachment":"scroll","background-type":"","background-media":"","overlay-type":"","overlay-color":"","overlay-gradient":""},"mobile":{"background-color":"","background-image":"","background-repeat":"repeat","background-position":"center center","background-size":"auto","background-attachment":"scroll","background-type":"","background-media":"","overlay-type":"","overlay-color":"","overlay-gradient":""}},"ast-content-background-meta":{"desktop":{"background-color":"var(--ast-global-color-5)","background-image":"","background-repeat":"repeat","background-position":"center center","background-size":"auto","background-attachment":"scroll","background-type":"","background-media":"","overlay-type":"","overlay-color":"","overlay-gradient":""},"tablet":{"background-color":"var(--ast-global-color-5)","background-image":"","background-repeat":"repeat","background-position":"center center","background-size":"auto","background-attachment":"scroll","background-type":"","background-media":"","overlay-type":"","overlay-color":"","overlay-gradient":""},"mobile":{"background-color":"var(--ast-global-color-5)","background-image":"","background-repeat":"repeat","background-position":"center center","background-size":"auto","background-attachment":"scroll","background-type":"","background-media":"","overlay-type":"","overlay-color":"","overlay-gradient":""}},"footnotes":""},"_links":{"self":[{"href":"https:\/\/dinightingale.com\/es\/wp-json\/wp\/v2\/pages\/16724"}],"collection":[{"href":"https:\/\/dinightingale.com\/es\/wp-json\/wp\/v2\/pages"}],"about":[{"href":"https:\/\/dinightingale.com\/es\/wp-json\/wp\/v2\/types\/page"}],"author":[{"embeddable":true,"href":"https:\/\/dinightingale.com\/es\/wp-json\/wp\/v2\/users\/23"}],"replies":[{"embeddable":true,"href":"https:\/\/dinightingale.com\/es\/wp-json\/wp\/v2\/comments?post=16724"}],"version-history":[{"count":5,"href":"https:\/\/dinightingale.com\/es\/wp-json\/wp\/v2\/pages\/16724\/revisions"}],"predecessor-version":[{"id":24921,"href":"https:\/\/dinightingale.com\/es\/wp-json\/wp\/v2\/pages\/16724\/revisions\/24921"}],"wp:attachment":[{"href":"https:\/\/dinightingale.com\/es\/wp-json\/wp\/v2\/media?parent=16724"}],"curies":[{"name":"wp","href":"https:\/\/api.w.org\/{rel}","templated":true}]}}