{"id":16700,"date":"2020-09-28T13:04:09","date_gmt":"2020-09-28T17:04:09","guid":{"rendered":"http:\/\/dinightingale.com\/?page_id=16700"},"modified":"2021-01-12T09:30:02","modified_gmt":"2021-01-12T14:30:02","slug":"privacy","status":"publish","type":"page","link":"https:\/\/dinightingale.com\/fr\/privacy\/","title":{"rendered":"Privacy"},"content":{"rendered":"<div data-elementor-type=\"wp-page\" data-elementor-id=\"16700\" class=\"elementor elementor-16700\">\n\t\t\t\t\t\t<section class=\"elementor-section elementor-top-section elementor-element elementor-element-ad9d07e elementor-section-boxed elementor-section-height-default elementor-section-height-default\" data-id=\"ad9d07e\" data-element_type=\"section\" data-settings=\"{&quot;jet_parallax_layout_list&quot;:[{&quot;jet_parallax_layout_image&quot;:{&quot;url&quot;:&quot;&quot;,&quot;id&quot;:&quot;&quot;,&quot;size&quot;:&quot;&quot;},&quot;_id&quot;:&quot;47bddab&quot;,&quot;jet_parallax_layout_image_tablet&quot;:{&quot;url&quot;:&quot;&quot;,&quot;id&quot;:&quot;&quot;,&quot;size&quot;:&quot;&quot;},&quot;jet_parallax_layout_image_mobile&quot;:{&quot;url&quot;:&quot;&quot;,&quot;id&quot;:&quot;&quot;,&quot;size&quot;:&quot;&quot;},&quot;jet_parallax_layout_speed&quot;:{&quot;unit&quot;:&quot;%&quot;,&quot;size&quot;:50,&quot;sizes&quot;:[]},&quot;jet_parallax_layout_type&quot;:&quot;scroll&quot;,&quot;jet_parallax_layout_direction&quot;:null,&quot;jet_parallax_layout_fx_direction&quot;:null,&quot;jet_parallax_layout_z_index&quot;:&quot;&quot;,&quot;jet_parallax_layout_bg_x&quot;:50,&quot;jet_parallax_layout_bg_x_tablet&quot;:&quot;&quot;,&quot;jet_parallax_layout_bg_x_mobile&quot;:&quot;&quot;,&quot;jet_parallax_layout_bg_y&quot;:50,&quot;jet_parallax_layout_bg_y_tablet&quot;:&quot;&quot;,&quot;jet_parallax_layout_bg_y_mobile&quot;:&quot;&quot;,&quot;jet_parallax_layout_bg_size&quot;:&quot;auto&quot;,&quot;jet_parallax_layout_bg_size_tablet&quot;:&quot;&quot;,&quot;jet_parallax_layout_bg_size_mobile&quot;:&quot;&quot;,&quot;jet_parallax_layout_animation_prop&quot;:&quot;transform&quot;,&quot;jet_parallax_layout_on&quot;:[&quot;desktop&quot;,&quot;tablet&quot;]}]}\">\n\t\t\t\t\t\t<div class=\"elementor-container elementor-column-gap-default\">\n\t\t\t\t\t<div class=\"elementor-column elementor-col-100 elementor-top-column elementor-element elementor-element-533c18d\" data-id=\"533c18d\" data-element_type=\"column\">\n\t\t\t<div class=\"elementor-widget-wrap elementor-element-populated\">\n\t\t\t\t\t\t<div class=\"elementor-element elementor-element-26895cf elementor-widget elementor-widget-text-editor\" data-id=\"26895cf\" data-element_type=\"widget\" data-widget_type=\"text-editor.default\">\n\t\t\t\t<div class=\"elementor-widget-container\">\n\t\t\t\t\t\t\t\t\t<div class=\"entry-content clear\"><h1>Politique de confidentialit\u00e9<\/h1><p>POLITIQUE DE CONFIDENTIALIT\u00c9<\/p><p><strong>Qui nous sommes<\/strong><\/p><p>L'adresse de notre site Web est : http:\/\/dinightingale.com<\/p><p><strong>Quelles donn\u00e9es personnelles nous collectons et pourquoi nous les collectons <\/strong><strong>Comments<\/strong><\/p><p>Lorsque les visiteurs laissent des commentaires sur le site, nous collectons les donn\u00e9es affich\u00e9es dans le formulaire de commentaires, ainsi que l'adresse IP du visiteur et la cha\u00eene de l'agent utilisateur du navigateur pour faciliter la d\u00e9tection du spam.<\/p><p>Une cha\u00eene anonymis\u00e9e cr\u00e9\u00e9e \u00e0 partir de votre adresse e-mail (\u00e9galement appel\u00e9e hachage) peut \u00eatre fournie au service Gravatar pour voir si vous l'utilisez. La politique de confidentialit\u00e9 du service Gravatar est disponible ici : https:\/\/automattic.com\/privacy\/. Apr\u00e8s validation de votre commentaire, votre photo de profil est visible publiquement \u00e0 c\u00f4t\u00e9 de votre commentaire.<\/p><\/div><p><strong>M\u00e9dias<\/strong><\/p><p>Si vous t\u00e9l\u00e9chargez des images sur le site Web, vous devez \u00e9viter de t\u00e9l\u00e9charger des images avec des donn\u00e9es de localisation int\u00e9gr\u00e9es (EXIF GPS) incluses. Les visiteurs du site Web peuvent t\u00e9l\u00e9charger et extraire toutes les donn\u00e9es de localisation des images sur le site Web.<\/p><p><strong>Formulaires de contact Cookies<\/strong><\/p><p>Si vous laissez un commentaire sur notre site, vous pouvez choisir d'enregistrer votre nom, votre adresse e-mail et votre site Web dans des cookies. Ceux-ci sont pour votre commodit\u00e9 afin que vous n'ayez pas \u00e0 remplir \u00e0 nouveau vos coordonn\u00e9es lorsque vous laissez un autre commentaire. Ces cookies dureront un an.<\/p><p>Si vous avez un compte et que vous vous connectez \u00e0 ce site, nous installerons un cookie temporaire pour d\u00e9terminer si votre navigateur accepte les cookies. Ce cookie ne contient aucune donn\u00e9e personnelle et est supprim\u00e9 lorsque vous fermez votre navigateur.<\/p><p>Lors de votre connexion, nous mettrons \u00e9galement en place plusieurs cookies pour enregistrer vos informations de connexion et vos choix d'affichage \u00e0 l'\u00e9cran. Les cookies de connexion durent deux jours et les cookies d'options d'\u00e9cran durent un an. Si vous s\u00e9lectionnez \"Se souvenir de moi\", votre connexion persistera pendant deux semaines. Si vous vous d\u00e9connectez de votre compte, les cookies de connexion seront supprim\u00e9s.<\/p><p>Si vous modifiez ou publiez un article, un cookie suppl\u00e9mentaire sera enregistr\u00e9 dans votre navigateur. Ce cookie ne contient aucune donn\u00e9e personnelle et indique simplement l'identifiant de publication de l'article que vous venez d'\u00e9diter. Il expire apr\u00e8s 1 jour.<\/p><p><strong>Contenu int\u00e9gr\u00e9 d'autres sites Web<\/strong><\/p><p>Les articles de ce site peuvent inclure des contenus int\u00e9gr\u00e9s (par exemple des vid\u00e9os, des images, des articles, etc.). Le contenu int\u00e9gr\u00e9 d'autres sites Web se comporte exactement de la m\u00eame mani\u00e8re que si le visiteur avait visit\u00e9 l'autre site Web.<\/p><p>Ces sites Web peuvent collecter des donn\u00e9es vous concernant, utiliser des cookies, int\u00e9grer un suivi tiers suppl\u00e9mentaire et surveiller votre interaction avec ce contenu int\u00e9gr\u00e9, y compris le suivi de votre interaction avec le contenu int\u00e9gr\u00e9 si vous avez un compte et \u00eates connect\u00e9 \u00e0 ce site Web.<\/p><p><strong>Analytique<\/strong><\/p><p><strong>Avec qui partageons-nous vos donn\u00e9es<\/strong><\/p><p>Combien de temps conservons-nous vos donn\u00e9es<\/p><p>Si vous laissez un commentaire, le commentaire et ses m\u00e9tadonn\u00e9es sont conserv\u00e9s ind\u00e9finiment. Cela nous permet de reconna\u00eetre et d'approuver automatiquement tous les commentaires de suivi au lieu de les conserver dans une file d'attente de mod\u00e9ration.<\/p><p>Pour les utilisateurs qui s'inscrivent sur notre site Web (le cas \u00e9ch\u00e9ant), nous stockons \u00e9galement les informations personnelles qu'ils fournissent dans leur profil d'utilisateur. Tous les utilisateurs peuvent voir, modifier ou supprimer leurs informations personnelles \u00e0 tout moment (sauf qu'ils ne peuvent pas changer leur nom d'utilisateur). Les administrateurs du site Web peuvent \u00e9galement voir et modifier ces informations.<\/p><p><strong>Quels droits avez-vous sur vos donn\u00e9es<\/strong><\/p><p>Si vous avez un compte sur ce site, ou avez laiss\u00e9 des commentaires, vous pouvez demander \u00e0 recevoir un fichier export\u00e9 des donn\u00e9es personnelles que nous d\u00e9tenons \u00e0 votre sujet, y compris toutes les donn\u00e9es que vous nous avez fournies. Vous pouvez \u00e9galement nous demander d'effacer toutes les donn\u00e9es personnelles que nous d\u00e9tenons \u00e0 votre sujet. Cela n'inclut pas les donn\u00e9es que nous sommes oblig\u00e9s de conserver \u00e0 des fins administratives, juridiques ou de s\u00e9curit\u00e9.<\/p><p><strong>O\u00f9 nous envoyons vos donn\u00e9es<\/strong><\/p><p>Les commentaires des visiteurs peuvent \u00eatre v\u00e9rifi\u00e9s par un service automatis\u00e9 de d\u00e9tection de spam.<\/p><p><strong>Vos coordonn\u00e9es<\/strong><\/p><p><strong>Informations Compl\u00e9mentaires<\/strong><\/p><p><strong>Comment nous prot\u00e9geons vos donn\u00e9es<\/strong><\/p><p><strong>Quelles proc\u00e9dures de violation de donn\u00e9es nous avons en place<\/strong><\/p><p><strong>De quels tiers nous recevons des donn\u00e9es<\/strong><\/p><p><strong>Quelle prise de d\u00e9cision automatis\u00e9e et\/ou profilage faisons-nous avec les donn\u00e9es des utilisateurs ?<\/strong><\/p><p><strong>Exigences de divulgation r\u00e9glementaires de l'industrie<\/strong><\/p><p>\u00a0<\/p><div class=\"entry-content clear\"><p>Nous prenons votre vie priv\u00e9e au s\u00e9rieux et nous voulons que vous sachiez comment nous recueillons, utilisons, partageons et prot\u00e9geons vos informations.<\/p><p><strong>Cette politique de confidentialit\u00e9 vous indique :<\/strong><\/p><p>\u00b7         Quelles informations collectons-nous ?<\/p><p>\u00b7         Comment nous utilisons ces informations<\/p><p>\u00b7         Comment nous pouvons partager ces informations<\/p><p>\u00b7         Comment nous prot\u00e9geons vos informations<\/p><p>\u00b7         Vos choix concernant vos informations personnelles<\/p><p>Cette politique s'applique \u00e0 Scented Potions.com, aux magasins Scented Potions et aux autres emplacements sous le nom de Scented Potions. Nous pouvons publier des informations suppl\u00e9mentaires si plus de d\u00e9tails sont n\u00e9cessaires pour expliquer nos pratiques de confidentialit\u00e9.<\/p><p>INFORMATIONS QUE NOUS COLLECTONS<\/p><p><strong>Informations que vous nous donnez<\/strong><br \/>Nous recevons et pouvons stocker toutes les informations que vous entrez sur nos sites Web, que vous nous donnez dans nos magasins ou que vous fournissez via nos applications mobiles. Par exemple, nous recueillons des informations aupr\u00e8s de vous lorsque vous passez une commande, cr\u00e9ez un compte, appelez-nous avec une question, cr\u00e9ez une liste de souhaits, r\u00e9digez un avis ou utilisez l'un de nos services.<\/p><p>Les informations que nous recueillons aupr\u00e8s de vous incluent des \u00e9l\u00e9ments tels que :<\/p><p>\u00b7         Votre nom<\/p><p>\u00b7         Votre adresse postale<\/p><p>\u00b7         Votre adresse e-mail<\/p><p>\u00b7\u00a0\u00a0\u00a0\u00a0\u00a0\u00a0\u00a0\u00a0 Your phone number<\/p><p>\u00b7         Votre num\u00e9ro de carte de cr\u00e9dit et d'autres informations de paiement<\/p><p>\u00b7         Votre num\u00e9ro de permis de conduire<\/p><p>\u00b7         Informations sur la demande de cr\u00e9dit, telles que votre num\u00e9ro de s\u00e9curit\u00e9 sociale<\/p><p>\u00b7         Informations d\u00e9mographiques et sur le mode de vie, telles que l'\u00e2ge, les centres d'int\u00e9r\u00eat personnels et les pr\u00e9f\u00e9rences en mati\u00e8re de produits<\/p><p>\u00b7         Information de Lieu<\/p><p>Il peut \u00e9galement inclure des informations que vous nous fournissez sur d'autres personnes, telles que le nom et l'adresse d'un destinataire de cadeau, ou le nom et les coordonn\u00e9es d'une personne Amis et Famille.<\/p><p><strong>Informations provenant d'autres sources<\/strong><br \/>Nous pouvons \u00e9galement recevoir des informations vous concernant d'autres sources, y compris des tiers qui nous aident \u00e0 mettre \u00e0 jour, d\u00e9velopper et analyser nos dossiers et \u00e0 identifier de nouveaux clients.<\/p><p><strong>Informations automatiques<\/strong><br \/>Comme de nombreux autres sites Web, nous recueillons \u00e9galement des informations par le biais de cookies et d'autres moyens automatis\u00e9s. Les cookies sont couramment utilis\u00e9s par les sites Web pour enregistrer des donn\u00e9es sur votre ordinateur. Les informations que nous collectons \u00e0 partir des cookies peuvent inclure votre adresse IP, les caract\u00e9ristiques de votre navigateur et de votre appareil, les URL de r\u00e9f\u00e9rence et un enregistrement de vos interactions avec nos sites Web. Nous utilisons des cookies pour cr\u00e9er une exp\u00e9rience d'achat plus personnalis\u00e9e sur nos sites Web.<\/p><p>Un type de cookie peut nous permettre de vous identifier en tant que client particulier du magasin Scented Potions lorsque vous visitez nos sites Web et de lier vos activit\u00e9s sur nos sites Web \u00e0 vos interactions avec nous dans nos magasins. En combinaison avec d'autres informations que nous collectons, ce cookie peut faciliter la personnalisation des publicit\u00e9s et des offres, parfois en relation avec la publicit\u00e9 cibl\u00e9e par centres d'int\u00e9r\u00eat.<\/p><p>Pour nous aider \u00e0 comprendre et \u00e0 am\u00e9liorer nos interactions avec les visiteurs de nos sites Web, nous pouvons autoriser les fournisseurs d'analyses Web \u00e0 collecter des informations sur nos sites Web \u00e0 l'aide d'outils automatis\u00e9s tels que des cookies ou des balises Web. Nous pouvons \u00e9galement partager des informations personnelles avec ces fournisseurs. Nous pouvons avoir des accords similaires avec des annonceurs bas\u00e9s sur les centres d'int\u00e9r\u00eat. La publicit\u00e9 cibl\u00e9e par centres d'int\u00e9r\u00eat est trait\u00e9e plus en d\u00e9tail ci-dessous.<\/p><p><strong>Information de Lieu<\/strong><br \/>Certains de nos sites Web et applications mobiles peuvent collecter certaines informations telles que le type d'appareil mobile que vous utilisez ou votre emplacement sp\u00e9cifique pour vous aider \u00e0 rechercher l'un de nos magasins. Pour permettre \u00e0 toute application d'identifier votre emplacement, vous devez activer cette fonctionnalit\u00e9 via les param\u00e8tres de votre appareil mobile pour permettre l'utilisation de technologies telles que le Wi-Fi, les signaux GPS, la position de la tour cellulaire ou d'autres technologies. Scented Potions n'a aucun contr\u00f4le sur les param\u00e8tres de votre appareil.<\/p><p><strong>Forums publics\u00a0<\/strong><br \/>Nos sites Web proposent des blogs ou des forums communautaires accessibles au public. Vous devez savoir que toute information que vous fournissez dans ces zones peut \u00eatre lue, collect\u00e9e et utilis\u00e9e par d'autres personnes qui y acc\u00e8dent.<\/p><p>COMMENT NOUS UTILISONS LES INFORMATIONS QUE NOUS COLLECTONS<\/p><p>Nous utilisons les informations que nous recueillons pour des choses comme :<\/p><p>\u00b7         Ex\u00e9cuter des commandes et des demandes de produits, de services ou d'informations<\/p><p>\u00b7         Traitement des retours, des \u00e9changes et des demandes de mise de c\u00f4t\u00e9<\/p><p>\u00b7         Suivi et confirmation des commandes en ligne<\/p><p>\u00b7         Livraison ou installation de produits<\/p><p>\u00b7         Gestion de notre programme Zone de r\u00e9compenses<\/p><p>\u00b7         Produits et services de marketing et de publicit\u00e9<\/p><p>\u00b7         Mener des recherches et des analyses<\/p><p>\u00b7         \u00c9tablir et g\u00e9rer vos comptes avec nous<\/p><p>\u00b7         Communiquer des \u00e9l\u00e9ments tels que des \u00e9v\u00e9nements sp\u00e9ciaux, des tirages au sort, des promotions et des sondages<\/p><p>\u00b7         Traitement des cartes-cadeaux Potions parfum\u00e9es<\/p><p>\u00b7         Vous identifier sur nos sites Web et personnaliser les publicit\u00e9s et les offres (\u00e0 la fois sur nos sites Web et sur d'autres sites Web) en fonction de vos interactions avec nous dans nos magasins et en ligne<\/p><p>\u00b7\u00a0\u00a0\u00a0\u00a0\u00a0\u00a0\u00a0\u00a0 Facilitating interactions with Scented Potions and others, such as enabling you to e-mail a link to a friend<\/p><p>\u00b7         Exploiter, \u00e9valuer et am\u00e9liorer notre entreprise<\/p><p><strong>La conservation des donn\u00e9es<\/strong><br \/>Nous conserverons vos informations aussi longtemps que votre compte sera actif ou aussi longtemps que n\u00e9cessaire pour vous fournir des services, respecter nos obligations l\u00e9gales, r\u00e9soudre les litiges et faire respecter nos accords.<\/p><p>COMMENT NOUS PARTAGEONS LES INFORMATIONS QUE NOUS COLLECTONS<\/p><p>Scented Potions ne vend, ne loue ni n'\u00e9change vos informations personnelles \u00e0 des tiers.<\/p><p>Scented Potions Co., Inc. est la soci\u00e9t\u00e9 m\u00e8re des Scented Potions Companies (\"Scented Potions\"), et \u00e0 ce titre, si vous fournissez des informations \u00e0 l'une des entreprises, magasins ou sites Web d\u00e9tenus ou exploit\u00e9s par Scented Potions, ces informations peuvent \u00eatre combin\u00e9s ou partag\u00e9s entre les entit\u00e9s actuelles ou futures de Scented Potions Co., Inc., y compris les soci\u00e9t\u00e9s affili\u00e9es et les filiales.<\/p><p>Nous pouvons partager vos informations avec des tiers pour effectuer des services en notre nom tels que :<\/p><p>\u00b7         Traitement des commandes<\/p><p>\u00b7         Livraison de colis<\/p><p>\u00b7         Planification et r\u00e9alisation des installations<\/p><p>\u00b7         Produits de maintenance<\/p><p>\u00b7         Maintien de notre programme Zone r\u00e9compenses<\/p><p>\u00b7         Envoi de communications marketing sur les potions parfum\u00e9es<\/p><p>\u00b7         Services d'abonnement satisfaisants<\/p><p>\u00b7         Mener des recherches et des analyses<\/p><p>\u00b7         Demande de cartes de cr\u00e9dit et traitement des paiements par carte de cr\u00e9dit<\/p><p>\u00b7         Fournir des fonctions de chat<\/p><p>Parfois, nous pouvons \u00eatre tenus de partager des informations personnelles en r\u00e9ponse \u00e0 un r\u00e8glement, une ordonnance d'un tribunal ou une citation \u00e0 compara\u00eetre. Nous pouvons \u00e9galement partager des informations lorsque nous pensons que cela est n\u00e9cessaire pour se conformer \u00e0 la loi. Nous pouvons \u00e9galement partager des informations pour r\u00e9pondre \u00e0 une demande gouvernementale ou lorsque nous pensons que la divulgation est n\u00e9cessaire ou appropri\u00e9e pour prot\u00e9ger les droits, la propri\u00e9t\u00e9 ou la s\u00e9curit\u00e9 de Scented Potions, de nos clients ou d'autres ; pour pr\u00e9venir un pr\u00e9judice ou une perte ; ou dans le cadre d'une enqu\u00eate sur une activit\u00e9 ill\u00e9gale pr\u00e9sum\u00e9e ou r\u00e9elle.<\/p><p>Nous pouvons \u00e9galement partager des informations personnelles en cas de vente, de fusion, d'acquisition, de dissolution d'entreprise ou d'\u00e9v\u00e9nement similaire.<\/p><p>We may share personal information in connection with financial products or services related to our business such as private label credit cards. We may also share personal information in connection with co-branded product or service offerings. For example, when you apply for a Scented Potions credit card, we may share your personal information with our banking partners that issue the card.<\/p><p>COMMENT NOUS PROT\u00c9GEONS LES INFORMATIONS QUE NOUS COLLECTONS<\/p><p>Que vous fassiez des achats en ligne ou dans nos magasins, nous utilisons des mesures de s\u00e9curit\u00e9 raisonnables pour prot\u00e9ger la confidentialit\u00e9 des informations personnelles sous notre contr\u00f4le et en limiter l'acc\u00e8s de mani\u00e8re appropri\u00e9e. Scented Potions ne peut assurer ou garantir la s\u00e9curit\u00e9 des informations que vous nous transmettez et vous le faites \u00e0 vos risques et p\u00e9rils.<\/p><p>Nous utilisons diverses mesures de s\u00e9curit\u00e9 des informations pour prot\u00e9ger vos transactions en ligne avec nous. Les sites Web Scented Potions utilisent une technologie de cryptage, telle que Secure Sockets Layer (SSL), pour prot\u00e9ger vos informations personnelles pendant le transport des donn\u00e9es. SSL prot\u00e8ge les informations que vous soumettez via nos sites Web, telles que les informations de commande, y compris votre nom, votre adresse et votre num\u00e9ro de carte de cr\u00e9dit. Les informations que vous nous fournissez via notre kiosque en magasin ne transitent pas par l'Internet public.<\/p><p>VOS CHOIX CONCERNANT LES INFORMATIONS QUE NOUS COLLECTONS<\/p><p>Vous pouvez choisir de :<\/p><p>\u00b7         Ne plus recevoir d'e-mails marketing ou promotionnels, de publipostage, de communications t\u00e9l\u00e9phoniques et de marketing mobile<\/p><p>\u00b7         Mettez \u00e0 jour et corrigez vos informations personnelles<\/p><p>\u00b7         Annuler votre compte ou demander que nous n'utilisions plus vos informations pour vous fournir des services<\/p><p>\u00b7         Demander la suppression de vos informations personnelles de notre blog ou forum communautaire<\/p><p>Pour effectuer l'une de ces op\u00e9rations, faites-le nous savoir par l'une de ces m\u00e9thodes :<\/p><p>\u00b7         Suivez les instructions d'un e-mail marketing, d'un publipostage ou d'une communication mobile que vous recevez de notre part<\/p><p>\u00b7         Appel 1<a href=\"tel:305 209 1260\" target=\"_blank\" rel=\"noopener\" data-cke-saved-href=\"tel:305%20209%201260\">305-200-1260<\/a>\u00a0 avec votre demande et vos coordonn\u00e9es actuelles<\/p><p>\u00b7         Envoyez un e-mail avec votre demande et vos coordonn\u00e9es actuelles \u00e0 : privacymanager@scentedpotions.com<\/p><ul><li>Envoyez une lettre avec votre demande et vos coordonn\u00e9es actuelles \u00e0 :<p>Potions parfum\u00e9es<br \/>\u00c0 l'attention de : Service \u00e0 la client\u00e8le\/Confidentialit\u00e9<br \/>512 S. Dixie Hwy<br \/>Hallandale, FL 33009<\/p><\/li><\/ul><ul><li>PROTECTION DE LA VIE PRIV\u00c9E DES ENFANTS<\/li><\/ul><p>Nous nous engageons \u00e0 prot\u00e9ger la vie priv\u00e9e des enfants sur Internet et nous ne collectons pas sciemment des informations personnelles d'enfants de moins de 13 ans.<\/p><p>LIENS VERS D'AUTRES SITES WEB<\/p><p>Nos sites Web sont li\u00e9s \u00e0 d'autres sites Web, dont beaucoup ont leurs propres politiques de confidentialit\u00e9. Assurez-vous de consulter la politique de confidentialit\u00e9 du site que vous visitez.<\/p><p>PRIVACY POLICY UPDATES<\/p><p>Nous devrons peut-\u00eatre mettre \u00e0 jour notre politique de confidentialit\u00e9 \u00e0 mesure que Potions parfum\u00e9es et nos clients grandissent et \u00e9voluent. Si nous apportons des modifications importantes \u00e0 la politique de confidentialit\u00e9, nous publierons un message visible sur nos sites Web.<\/p><p>AVOIR DES QUESTIONS?<\/p><p>Si vous avez des questions sur notre politique de confidentialit\u00e9, nous ferons de notre mieux pour y r\u00e9pondre. Voici comment nous contacter :<\/p><p><strong>T\u00e9l\u00e9phoner:<\/strong><br \/>1-<a href=\"tel:305 209 1260\" target=\"_blank\" rel=\"noopener\" data-cke-saved-href=\"tel:305%20209%201260\">305-200-1260<\/a><\/p><p><strong>E-mail:<\/strong><br \/><a href=\"mailto:privacymanager@scentedpotions.com\" data-cke-saved-href=\"mailto:privacymanager@scentedpotions.com\">privacymanager@scentedpotions.com<\/a><\/p><p><strong>Adresse:<\/strong><br \/>Potions parfum\u00e9es<br \/>\u00c0 l'attention de : Service \u00e0 la client\u00e8le\/Confidentialit\u00e9<br \/>200 SW 1st Ave<br \/>Hallandale, FL 33009<\/p><\/div>\t\t\t\t\t\t\t\t<\/div>\n\t\t\t\t<\/div>\n\t\t\t\t\t<\/div>\n\t\t<\/div>\n\t\t\t\t\t<\/div>\n\t\t<\/section>\n\t\t\t\t<\/div>","protected":false},"excerpt":{"rendered":"<p>Privacy Policy PRIVACY POLICY Who we are Our website address is: http:\/\/dinightingale.com What personal data we collect and why we collect it Comments When visitors leave comments on the site we collect the data shown in the comments form, and also the visitor\u2019s IP address and browser user agent string to help spam detection. An [&hellip;]<\/p>","protected":false},"author":23,"featured_media":0,"parent":0,"menu_order":0,"comment_status":"closed","ping_status":"closed","template":"","meta":{"site-sidebar-layout":"no-sidebar","site-content-layout":"page-builder","ast-site-content-layout":"","site-content-style":"default","site-sidebar-style":"default","ast-global-header-display":"","ast-banner-title-visibility":"","ast-main-header-display":"","ast-hfb-above-header-display":"","ast-hfb-below-header-display":"","ast-hfb-mobile-header-display":"","site-post-title":"disabled","ast-breadcrumbs-content":"","ast-featured-img":"disabled","footer-sml-layout":"","theme-transparent-header-meta":"","adv-header-id-meta":"","stick-header-meta":"","header-above-stick-meta":"","header-main-stick-meta":"","header-below-stick-meta":"","astra-migrate-meta-layouts":"default","ast-page-background-enabled":"default","ast-page-background-meta":{"desktop":{"background-color":"","background-image":"","background-repeat":"repeat","background-position":"center center","background-size":"auto","background-attachment":"scroll","background-type":"","background-media":"","overlay-type":"","overlay-color":"","overlay-gradient":""},"tablet":{"background-color":"","background-image":"","background-repeat":"repeat","background-position":"center center","background-size":"auto","background-attachment":"scroll","background-type":"","background-media":"","overlay-type":"","overlay-color":"","overlay-gradient":""},"mobile":{"background-color":"","background-image":"","background-repeat":"repeat","background-position":"center center","background-size":"auto","background-attachment":"scroll","background-type":"","background-media":"","overlay-type":"","overlay-color":"","overlay-gradient":""}},"ast-content-background-meta":{"desktop":{"background-color":"var(--ast-global-color-5)","background-image":"","background-repeat":"repeat","background-position":"center center","background-size":"auto","background-attachment":"scroll","background-type":"","background-media":"","overlay-type":"","overlay-color":"","overlay-gradient":""},"tablet":{"background-color":"var(--ast-global-color-5)","background-image":"","background-repeat":"repeat","background-position":"center center","background-size":"auto","background-attachment":"scroll","background-type":"","background-media":"","overlay-type":"","overlay-color":"","overlay-gradient":""},"mobile":{"background-color":"var(--ast-global-color-5)","background-image":"","background-repeat":"repeat","background-position":"center center","background-size":"auto","background-attachment":"scroll","background-type":"","background-media":"","overlay-type":"","overlay-color":"","overlay-gradient":""}},"footnotes":""},"_links":{"self":[{"href":"https:\/\/dinightingale.com\/fr\/wp-json\/wp\/v2\/pages\/16700"}],"collection":[{"href":"https:\/\/dinightingale.com\/fr\/wp-json\/wp\/v2\/pages"}],"about":[{"href":"https:\/\/dinightingale.com\/fr\/wp-json\/wp\/v2\/types\/page"}],"author":[{"embeddable":true,"href":"https:\/\/dinightingale.com\/fr\/wp-json\/wp\/v2\/users\/23"}],"replies":[{"embeddable":true,"href":"https:\/\/dinightingale.com\/fr\/wp-json\/wp\/v2\/comments?post=16700"}],"version-history":[{"count":8,"href":"https:\/\/dinightingale.com\/fr\/wp-json\/wp\/v2\/pages\/16700\/revisions"}],"predecessor-version":[{"id":24228,"href":"https:\/\/dinightingale.com\/fr\/wp-json\/wp\/v2\/pages\/16700\/revisions\/24228"}],"wp:attachment":[{"href":"https:\/\/dinightingale.com\/fr\/wp-json\/wp\/v2\/media?parent=16700"}],"curies":[{"name":"wp","href":"https:\/\/api.w.org\/{rel}","templated":true}]}}