{"id":16715,"date":"2020-09-28T13:58:19","date_gmt":"2020-09-28T17:58:19","guid":{"rendered":"http:\/\/dinightingale.com\/?page_id=16715"},"modified":"2022-02-24T18:59:43","modified_gmt":"2022-02-24T23:59:43","slug":"returns","status":"publish","type":"page","link":"https:\/\/dinightingale.com\/fr\/returns\/","title":{"rendered":"Returns"},"content":{"rendered":"<div data-elementor-type=\"wp-page\" data-elementor-id=\"16715\" class=\"elementor elementor-16715\">\n\t\t\t\t\t\t<section class=\"elementor-section elementor-top-section elementor-element elementor-element-d9338d9 elementor-section-boxed elementor-section-height-default elementor-section-height-default\" data-id=\"d9338d9\" data-element_type=\"section\" data-settings=\"{&quot;jet_parallax_layout_list&quot;:[{&quot;jet_parallax_layout_image&quot;:{&quot;url&quot;:&quot;&quot;,&quot;id&quot;:&quot;&quot;,&quot;size&quot;:&quot;&quot;},&quot;_id&quot;:&quot;ef46f10&quot;,&quot;jet_parallax_layout_image_tablet&quot;:{&quot;url&quot;:&quot;&quot;,&quot;id&quot;:&quot;&quot;,&quot;size&quot;:&quot;&quot;},&quot;jet_parallax_layout_image_mobile&quot;:{&quot;url&quot;:&quot;&quot;,&quot;id&quot;:&quot;&quot;,&quot;size&quot;:&quot;&quot;},&quot;jet_parallax_layout_speed&quot;:{&quot;unit&quot;:&quot;%&quot;,&quot;size&quot;:50,&quot;sizes&quot;:[]},&quot;jet_parallax_layout_type&quot;:&quot;scroll&quot;,&quot;jet_parallax_layout_direction&quot;:null,&quot;jet_parallax_layout_fx_direction&quot;:null,&quot;jet_parallax_layout_z_index&quot;:&quot;&quot;,&quot;jet_parallax_layout_bg_x&quot;:50,&quot;jet_parallax_layout_bg_x_tablet&quot;:&quot;&quot;,&quot;jet_parallax_layout_bg_x_mobile&quot;:&quot;&quot;,&quot;jet_parallax_layout_bg_y&quot;:50,&quot;jet_parallax_layout_bg_y_tablet&quot;:&quot;&quot;,&quot;jet_parallax_layout_bg_y_mobile&quot;:&quot;&quot;,&quot;jet_parallax_layout_bg_size&quot;:&quot;auto&quot;,&quot;jet_parallax_layout_bg_size_tablet&quot;:&quot;&quot;,&quot;jet_parallax_layout_bg_size_mobile&quot;:&quot;&quot;,&quot;jet_parallax_layout_animation_prop&quot;:&quot;transform&quot;,&quot;jet_parallax_layout_on&quot;:[&quot;desktop&quot;,&quot;tablet&quot;]}]}\">\n\t\t\t\t\t\t<div class=\"elementor-container elementor-column-gap-default\">\n\t\t\t\t\t<div class=\"elementor-column elementor-col-100 elementor-top-column elementor-element elementor-element-4d6e881\" data-id=\"4d6e881\" data-element_type=\"column\">\n\t\t\t<div class=\"elementor-widget-wrap elementor-element-populated\">\n\t\t\t\t\t\t<div class=\"elementor-element elementor-element-dff645b elementor-widget elementor-widget-text-editor\" data-id=\"dff645b\" data-element_type=\"widget\" data-widget_type=\"text-editor.default\">\n\t\t\t\t<div class=\"elementor-widget-container\">\n\t\t\t\t\t\t\t\t\t<div class=\"entry-content clear\"><div class=\"vc_row wpb_row vc_row-fluid\"><div class=\"wpb_column vc_column_container vc_col-sm-12\"><div class=\"vc_column-inner\"><div class=\"wpb_wrapper\"><div class=\"g5plus-heading widget-title style_01 text-left dark\">Politique de retour<\/div><\/div><\/div><\/div><\/div><div class=\"vc_row wpb_row vc_row-fluid\"><div class=\"wpb_column vc_column_container vc_col-sm-12\"><div class=\"vc_column-inner\"><div class=\"wpb_wrapper\"><div class=\"wpb_text_column wpb_content_element\"><div class=\"wpb_wrapper\"><p>Chez Damaris Nightingale, nous sommes heureux quand vous \u00eates heureux. Nous soutenons nos produits de beaut\u00e9 et nous voulons nous assurer que vous \u00eates toujours satisfait. Si ce n'est pas le cas, notre \u00e9quipe rendra votre processus de retour simple et transparent. Il vous suffit de retourner les articles dans les 30 jours suivant votre achat. Seuls les produits achet\u00e9s sur Dinightingale.com peuvent \u00eatre retourn\u00e9s pour un remboursement complet dans cette p\u00e9riode de 30 jours. Veuillez contacter notre service client au +1 954 907 9408 et demander un num\u00e9ro de r\u00e9f\u00e9rence RA. Les produits ne peuvent pas \u00eatre retourn\u00e9s sans ce num\u00e9ro.\u00a0<\/p><p>Les remboursements seront trait\u00e9s en fonction du mode de paiement initial. Les retours seront trait\u00e9s dans un d\u00e9lai de 7 \u00e0 10 jours ouvrables \u00e0 compter de la date \u00e0 laquelle nous recevons vos articles. Nous cr\u00e9diterons alors la carte utilis\u00e9e \u00e0 l'origine pour effectuer votre achat.\u00a0<\/p><p>Les articles suivants ne peuvent pas \u00eatre retourn\u00e9s :<\/p><ul><li>Cartes-cadeaux Damaris rossignol<\/li><li>\u00c9chantillons de produits\/Produits promotionnels<\/li><li>Produits individuels achet\u00e9s \u00e0 l'origine dans le cadre d'un ensemble<\/li><li>Notre adh\u00e9sion au Club des Amis de la Famille<\/li><\/ul><p>Les articles achet\u00e9s chez l'un de nos partenaires d\u00e9taillants, en ligne ou en magasin, doivent y \u00eatre retourn\u00e9s, veuillez trouver leurs politiques de retour sur leurs sites Web.\u00a0<\/p><p>Notre adresse de retour est :\u00a0<\/p><p>Le rossignol<\/p><p><b>D\u00e9partement des retours<\/b><b><br \/><\/b><b>121 N Dixie Highway<\/b><b><br \/><\/b><b>Hallandale Beach, FL 33009<\/b>\u00a0<\/p><p>Pour votre protection et pour garantir une livraison rapide, nous vous recommandons d'envoyer votre retour via UPS ou un colis postal assur\u00e9. Veuillez noter que les frais de retour ne sont pas remboursables et sont \u00e0 la charge du client. Votre remboursement sera trait\u00e9 sur la base du mode de paiement initial.<\/p><p><b>Articles endommag\u00e9s<\/b><\/p><p>Il est normal que le carton d'exp\u00e9dition montre une certaine usure, cependant, si des articles de votre envoi ont \u00e9t\u00e9 endommag\u00e9s, veuillez contacter le service client Scented Potions au +1 954 907 9408 entre 9h00 et 17h30. HNE., du lundi au vendredi. Nos repr\u00e9sentants du service \u00e0 la client\u00e8le se feront un plaisir de vous aider.\u00a0<\/p><p><b>Politique d'annulation<\/b><\/p><p>Veuillez garder \u00e0 l'esprit que nos syst\u00e8mes d'ex\u00e9cution et d'exp\u00e9dition des commandes sont con\u00e7us pour exp\u00e9dier les commandes rapidement et efficacement. Par cons\u00e9quent, nous ne pourrons peut-\u00eatre pas modifier, ajuster les prix ou annuler une commande une fois qu'elle a \u00e9t\u00e9 soumise, cependant, si la commande n'a pas \u00e9t\u00e9 trait\u00e9e, nous essaierons volontiers de r\u00e9pondre \u00e0 votre demande.<\/p><\/div><\/div><\/div><\/div><\/div><\/div><\/div>\t\t\t\t\t\t\t\t<\/div>\n\t\t\t\t<\/div>\n\t\t\t\t\t<\/div>\n\t\t<\/div>\n\t\t\t\t\t<\/div>\n\t\t<\/section>\n\t\t\t\t<\/div>","protected":false},"excerpt":{"rendered":"<p>Return Policy We, at Damaris Nightingale are happy when you are happy. We stand behind our beauty products, and we want to make sure you\u2019re always satisfied. If not, our team will make your return process easy and seamless. All you have to do is return the items within 30 days of your purchase. Only [&hellip;]<\/p>","protected":false},"author":23,"featured_media":0,"parent":0,"menu_order":0,"comment_status":"closed","ping_status":"closed","template":"","meta":{"site-sidebar-layout":"no-sidebar","site-content-layout":"page-builder","ast-site-content-layout":"","site-content-style":"default","site-sidebar-style":"default","ast-global-header-display":"","ast-banner-title-visibility":"","ast-main-header-display":"","ast-hfb-above-header-display":"","ast-hfb-below-header-display":"","ast-hfb-mobile-header-display":"","site-post-title":"disabled","ast-breadcrumbs-content":"","ast-featured-img":"disabled","footer-sml-layout":"","theme-transparent-header-meta":"","adv-header-id-meta":"","stick-header-meta":"","header-above-stick-meta":"","header-main-stick-meta":"","header-below-stick-meta":"","astra-migrate-meta-layouts":"default","ast-page-background-enabled":"default","ast-page-background-meta":{"desktop":{"background-color":"","background-image":"","background-repeat":"repeat","background-position":"center center","background-size":"auto","background-attachment":"scroll","background-type":"","background-media":"","overlay-type":"","overlay-color":"","overlay-gradient":""},"tablet":{"background-color":"","background-image":"","background-repeat":"repeat","background-position":"center center","background-size":"auto","background-attachment":"scroll","background-type":"","background-media":"","overlay-type":"","overlay-color":"","overlay-gradient":""},"mobile":{"background-color":"","background-image":"","background-repeat":"repeat","background-position":"center center","background-size":"auto","background-attachment":"scroll","background-type":"","background-media":"","overlay-type":"","overlay-color":"","overlay-gradient":""}},"ast-content-background-meta":{"desktop":{"background-color":"var(--ast-global-color-5)","background-image":"","background-repeat":"repeat","background-position":"center center","background-size":"auto","background-attachment":"scroll","background-type":"","background-media":"","overlay-type":"","overlay-color":"","overlay-gradient":""},"tablet":{"background-color":"var(--ast-global-color-5)","background-image":"","background-repeat":"repeat","background-position":"center center","background-size":"auto","background-attachment":"scroll","background-type":"","background-media":"","overlay-type":"","overlay-color":"","overlay-gradient":""},"mobile":{"background-color":"var(--ast-global-color-5)","background-image":"","background-repeat":"repeat","background-position":"center center","background-size":"auto","background-attachment":"scroll","background-type":"","background-media":"","overlay-type":"","overlay-color":"","overlay-gradient":""}},"footnotes":""},"_links":{"self":[{"href":"https:\/\/dinightingale.com\/fr\/wp-json\/wp\/v2\/pages\/16715"}],"collection":[{"href":"https:\/\/dinightingale.com\/fr\/wp-json\/wp\/v2\/pages"}],"about":[{"href":"https:\/\/dinightingale.com\/fr\/wp-json\/wp\/v2\/types\/page"}],"author":[{"embeddable":true,"href":"https:\/\/dinightingale.com\/fr\/wp-json\/wp\/v2\/users\/23"}],"replies":[{"embeddable":true,"href":"https:\/\/dinightingale.com\/fr\/wp-json\/wp\/v2\/comments?post=16715"}],"version-history":[{"count":8,"href":"https:\/\/dinightingale.com\/fr\/wp-json\/wp\/v2\/pages\/16715\/revisions"}],"predecessor-version":[{"id":24933,"href":"https:\/\/dinightingale.com\/fr\/wp-json\/wp\/v2\/pages\/16715\/revisions\/24933"}],"wp:attachment":[{"href":"https:\/\/dinightingale.com\/fr\/wp-json\/wp\/v2\/media?parent=16715"}],"curies":[{"name":"wp","href":"https:\/\/api.w.org\/{rel}","templated":true}]}}