{"id":16721,"date":"2020-09-28T14:10:45","date_gmt":"2020-09-28T18:10:45","guid":{"rendered":"http:\/\/dinightingale.com\/?page_id=16721"},"modified":"2022-02-24T18:58:58","modified_gmt":"2022-02-24T23:58:58","slug":"shipping","status":"publish","type":"page","link":"https:\/\/dinightingale.com\/fr\/shipping\/","title":{"rendered":"Exp\u00e9dition"},"content":{"rendered":"<div data-elementor-type=\"wp-page\" data-elementor-id=\"16721\" class=\"elementor elementor-16721\">\n\t\t\t\t\t\t<section class=\"elementor-section elementor-top-section elementor-element elementor-element-d9338d9 elementor-section-boxed elementor-section-height-default elementor-section-height-default\" data-id=\"d9338d9\" data-element_type=\"section\" data-settings=\"{&quot;jet_parallax_layout_list&quot;:[{&quot;jet_parallax_layout_image&quot;:{&quot;url&quot;:&quot;&quot;,&quot;id&quot;:&quot;&quot;,&quot;size&quot;:&quot;&quot;},&quot;_id&quot;:&quot;ef46f10&quot;,&quot;jet_parallax_layout_image_tablet&quot;:{&quot;url&quot;:&quot;&quot;,&quot;id&quot;:&quot;&quot;,&quot;size&quot;:&quot;&quot;},&quot;jet_parallax_layout_image_mobile&quot;:{&quot;url&quot;:&quot;&quot;,&quot;id&quot;:&quot;&quot;,&quot;size&quot;:&quot;&quot;},&quot;jet_parallax_layout_speed&quot;:{&quot;unit&quot;:&quot;%&quot;,&quot;size&quot;:50,&quot;sizes&quot;:[]},&quot;jet_parallax_layout_type&quot;:&quot;scroll&quot;,&quot;jet_parallax_layout_direction&quot;:null,&quot;jet_parallax_layout_fx_direction&quot;:null,&quot;jet_parallax_layout_z_index&quot;:&quot;&quot;,&quot;jet_parallax_layout_bg_x&quot;:50,&quot;jet_parallax_layout_bg_x_tablet&quot;:&quot;&quot;,&quot;jet_parallax_layout_bg_x_mobile&quot;:&quot;&quot;,&quot;jet_parallax_layout_bg_y&quot;:50,&quot;jet_parallax_layout_bg_y_tablet&quot;:&quot;&quot;,&quot;jet_parallax_layout_bg_y_mobile&quot;:&quot;&quot;,&quot;jet_parallax_layout_bg_size&quot;:&quot;auto&quot;,&quot;jet_parallax_layout_bg_size_tablet&quot;:&quot;&quot;,&quot;jet_parallax_layout_bg_size_mobile&quot;:&quot;&quot;,&quot;jet_parallax_layout_animation_prop&quot;:&quot;transform&quot;,&quot;jet_parallax_layout_on&quot;:[&quot;desktop&quot;,&quot;tablet&quot;]}]}\">\n\t\t\t\t\t\t<div class=\"elementor-container elementor-column-gap-default\">\n\t\t\t\t\t<div class=\"elementor-column elementor-col-100 elementor-top-column elementor-element elementor-element-4d6e881\" data-id=\"4d6e881\" data-element_type=\"column\">\n\t\t\t<div class=\"elementor-widget-wrap elementor-element-populated\">\n\t\t\t\t\t\t<div class=\"elementor-element elementor-element-dff645b elementor-widget elementor-widget-text-editor\" data-id=\"dff645b\" data-element_type=\"widget\" data-widget_type=\"text-editor.default\">\n\t\t\t\t<div class=\"elementor-widget-container\">\n\t\t\t\t\t\t\t\t\t<p>M\u00c9THODES D'EXP\u00c9DITION ET CALENDRIER<\/p><p>M\u00e9thodes d'exp\u00e9dition pour les clients am\u00e9ricains<\/p><p>Nous vous proposons trois m\u00e9thodes pour exp\u00e9dier vos commandes de Scented Potions :<\/p><p>Standard \u2013 4 \u00e0 8 jours ouvrables<br \/>Comprend 1 jour pour le traitement et 3 \u00e0 7 jours pour le transit.<br \/>Acc\u00e9l\u00e9r\u00e9 - 3 jours ouvrables<br \/>Comprend 1 jour pour le traitement et 2 jours pour le transit.<br \/>Express \u2013 2 jours ouvrables<br \/>Comprend 1 jour pour le traitement et 1 jour pour le transit.<\/p><p>Les jours ouvrables comprennent du lundi au vendredi, hors jours f\u00e9ri\u00e9s.<\/p><p>Des frais d'exp\u00e9dition acc\u00e9l\u00e9r\u00e9e sont disponibles via FedEx. L'exp\u00e9dition acc\u00e9l\u00e9r\u00e9e n'est pas r\u00e9gie par notre politique d'exp\u00e9dition gratuite.<\/p><p>TRANSPORT MARITIME INTERNATIONAL<\/p><p>Pour l'exp\u00e9dition internationale, veuillez consulter le prix indiqu\u00e9 en fonction de votre pays.<\/p><p>Le d\u00e9lai de livraison estim\u00e9 pour les envois internationaux est de 7 \u00e0 14 jours.<\/p><p>LIVRAISON GRATUITE<\/p><p>Damaris Nightingale peut proposer une livraison standard gratuite par USPS, UPS Ground ou Fedex Ground, \u00e0 la discr\u00e9tion des transporteurs. Les num\u00e9ros de suivi seront fournis sur la page de d\u00e9tail du produit lorsque les articles seront exp\u00e9di\u00e9s.<\/p>\t\t\t\t\t\t\t\t<\/div>\n\t\t\t\t<\/div>\n\t\t\t\t\t<\/div>\n\t\t<\/div>\n\t\t\t\t\t<\/div>\n\t\t<\/section>\n\t\t\t\t<\/div>","protected":false},"excerpt":{"rendered":"<p>SHIPPING METHODS &amp; TIMING Shipping Methods For US Customers We offer three methods for shipping your orders from Scented Potions: Standard \u2013 4 to 8 business daysIncludes 1 day for processing and 3 to 7 days for transit.Expedited \u2013 3 business daysIncludes 1 day for processing and 2 days for transit.Express \u2013 2 business daysIncludes [&hellip;]<\/p>","protected":false},"author":23,"featured_media":0,"parent":0,"menu_order":0,"comment_status":"closed","ping_status":"closed","template":"","meta":{"site-sidebar-layout":"no-sidebar","site-content-layout":"page-builder","ast-site-content-layout":"","site-content-style":"default","site-sidebar-style":"default","ast-global-header-display":"","ast-banner-title-visibility":"","ast-main-header-display":"","ast-hfb-above-header-display":"","ast-hfb-below-header-display":"","ast-hfb-mobile-header-display":"","site-post-title":"disabled","ast-breadcrumbs-content":"","ast-featured-img":"disabled","footer-sml-layout":"","theme-transparent-header-meta":"default","adv-header-id-meta":"","stick-header-meta":"","header-above-stick-meta":"","header-main-stick-meta":"","header-below-stick-meta":"","astra-migrate-meta-layouts":"default","ast-page-background-enabled":"default","ast-page-background-meta":{"desktop":{"background-color":"","background-image":"","background-repeat":"repeat","background-position":"center center","background-size":"auto","background-attachment":"scroll","background-type":"","background-media":"","overlay-type":"","overlay-color":"","overlay-gradient":""},"tablet":{"background-color":"","background-image":"","background-repeat":"repeat","background-position":"center center","background-size":"auto","background-attachment":"scroll","background-type":"","background-media":"","overlay-type":"","overlay-color":"","overlay-gradient":""},"mobile":{"background-color":"","background-image":"","background-repeat":"repeat","background-position":"center center","background-size":"auto","background-attachment":"scroll","background-type":"","background-media":"","overlay-type":"","overlay-color":"","overlay-gradient":""}},"ast-content-background-meta":{"desktop":{"background-color":"var(--ast-global-color-5)","background-image":"","background-repeat":"repeat","background-position":"center center","background-size":"auto","background-attachment":"scroll","background-type":"","background-media":"","overlay-type":"","overlay-color":"","overlay-gradient":""},"tablet":{"background-color":"var(--ast-global-color-5)","background-image":"","background-repeat":"repeat","background-position":"center center","background-size":"auto","background-attachment":"scroll","background-type":"","background-media":"","overlay-type":"","overlay-color":"","overlay-gradient":""},"mobile":{"background-color":"var(--ast-global-color-5)","background-image":"","background-repeat":"repeat","background-position":"center center","background-size":"auto","background-attachment":"scroll","background-type":"","background-media":"","overlay-type":"","overlay-color":"","overlay-gradient":""}},"footnotes":""},"_links":{"self":[{"href":"https:\/\/dinightingale.com\/fr\/wp-json\/wp\/v2\/pages\/16721"}],"collection":[{"href":"https:\/\/dinightingale.com\/fr\/wp-json\/wp\/v2\/pages"}],"about":[{"href":"https:\/\/dinightingale.com\/fr\/wp-json\/wp\/v2\/types\/page"}],"author":[{"embeddable":true,"href":"https:\/\/dinightingale.com\/fr\/wp-json\/wp\/v2\/users\/23"}],"replies":[{"embeddable":true,"href":"https:\/\/dinightingale.com\/fr\/wp-json\/wp\/v2\/comments?post=16721"}],"version-history":[{"count":5,"href":"https:\/\/dinightingale.com\/fr\/wp-json\/wp\/v2\/pages\/16721\/revisions"}],"predecessor-version":[{"id":24930,"href":"https:\/\/dinightingale.com\/fr\/wp-json\/wp\/v2\/pages\/16721\/revisions\/24930"}],"wp:attachment":[{"href":"https:\/\/dinightingale.com\/fr\/wp-json\/wp\/v2\/media?parent=16721"}],"curies":[{"name":"wp","href":"https:\/\/api.w.org\/{rel}","templated":true}]}}