{"id":16724,"date":"2020-09-28T14:14:28","date_gmt":"2020-09-28T18:14:28","guid":{"rendered":"http:\/\/dinightingale.com\/?page_id=16724"},"modified":"2022-02-24T18:40:01","modified_gmt":"2022-02-24T23:40:01","slug":"terms-condition","status":"publish","type":"page","link":"https:\/\/dinightingale.com\/fr\/terms-condition\/","title":{"rendered":"Terms  &#038; Condition"},"content":{"rendered":"<div data-elementor-type=\"wp-page\" data-elementor-id=\"16724\" class=\"elementor elementor-16724\">\n\t\t\t\t\t\t<section class=\"elementor-section elementor-top-section elementor-element elementor-element-73bb5be elementor-section-boxed elementor-section-height-default elementor-section-height-default\" data-id=\"73bb5be\" data-element_type=\"section\" data-settings=\"{&quot;jet_parallax_layout_list&quot;:[{&quot;jet_parallax_layout_image&quot;:{&quot;url&quot;:&quot;&quot;,&quot;id&quot;:&quot;&quot;,&quot;size&quot;:&quot;&quot;},&quot;_id&quot;:&quot;ba924ac&quot;,&quot;jet_parallax_layout_image_tablet&quot;:{&quot;url&quot;:&quot;&quot;,&quot;id&quot;:&quot;&quot;,&quot;size&quot;:&quot;&quot;},&quot;jet_parallax_layout_image_mobile&quot;:{&quot;url&quot;:&quot;&quot;,&quot;id&quot;:&quot;&quot;,&quot;size&quot;:&quot;&quot;},&quot;jet_parallax_layout_speed&quot;:{&quot;unit&quot;:&quot;%&quot;,&quot;size&quot;:50,&quot;sizes&quot;:[]},&quot;jet_parallax_layout_type&quot;:&quot;scroll&quot;,&quot;jet_parallax_layout_direction&quot;:null,&quot;jet_parallax_layout_fx_direction&quot;:null,&quot;jet_parallax_layout_z_index&quot;:&quot;&quot;,&quot;jet_parallax_layout_bg_x&quot;:50,&quot;jet_parallax_layout_bg_x_tablet&quot;:&quot;&quot;,&quot;jet_parallax_layout_bg_x_mobile&quot;:&quot;&quot;,&quot;jet_parallax_layout_bg_y&quot;:50,&quot;jet_parallax_layout_bg_y_tablet&quot;:&quot;&quot;,&quot;jet_parallax_layout_bg_y_mobile&quot;:&quot;&quot;,&quot;jet_parallax_layout_bg_size&quot;:&quot;auto&quot;,&quot;jet_parallax_layout_bg_size_tablet&quot;:&quot;&quot;,&quot;jet_parallax_layout_bg_size_mobile&quot;:&quot;&quot;,&quot;jet_parallax_layout_animation_prop&quot;:&quot;transform&quot;,&quot;jet_parallax_layout_on&quot;:[&quot;desktop&quot;,&quot;tablet&quot;]}]}\">\n\t\t\t\t\t\t<div class=\"elementor-container elementor-column-gap-default\">\n\t\t\t\t\t<div class=\"elementor-column elementor-col-100 elementor-top-column elementor-element elementor-element-55f5960\" data-id=\"55f5960\" data-element_type=\"column\">\n\t\t\t<div class=\"elementor-widget-wrap elementor-element-populated\">\n\t\t\t\t\t\t<div class=\"elementor-element elementor-element-e514ff4 elementor-widget elementor-widget-text-editor\" data-id=\"e514ff4\" data-element_type=\"widget\" data-widget_type=\"text-editor.default\">\n\t\t\t\t<div class=\"elementor-widget-container\">\n\t\t\t\t\t\t\t\t\t<div><article><div><div><div><div><div><div>TERMES ET CONDITIONS<\/div><div><div><p>By visiting this site you agree to the following Terms of Use:<\/p><p>Toutes les informations, produits et services fournis par Scented Potions sont fournis \"tels quels\" et \"tels que disponibles\" sans garantie d'aucune sorte. Par la pr\u00e9sente, Scented Potions d\u00e9cline toute garantie et condition concernant ces informations et services, y compris toutes les garanties et conditions implicites de qualit\u00e9 marchande, d'ad\u00e9quation \u00e0 un usage particulier, de titre et de non-contrefa\u00e7on.<\/p><p>En aucun cas, Di Nightingale ne sera responsable de tout dommage sp\u00e9cial, indirect ou cons\u00e9cutif ou de tout dommage r\u00e9sultant de la perte d'utilisation, de donn\u00e9es ou de b\u00e9n\u00e9fices, que ce soit dans une action contractuelle, une n\u00e9gligence ou une autre action d\u00e9lictueuse, d\u00e9coulant de ou dans en relation avec l'utilisation ou la performance des informations ou des services fournis sur le site eminenceorganics.com.<\/p><p>En cas de litige d\u00e9coulant des pr\u00e9sentes conditions d'utilisation, les lois de l'\u00c9tat de Floride et les lois f\u00e9d\u00e9rales des \u00c9tats-Unis qui y sont applicables seront r\u00e9put\u00e9es r\u00e9gir et vous acceptez de vous soumettre \u00e0 la comp\u00e9tence exclusive et personnelle des tribunaux. de ces \u00c9tats dans le cadre d'un tel diff\u00e9rend.<\/p><p>Nous nous r\u00e9servons le droit d'annuler ou de r\u00e9viser les abonnements, les prix et la documentation \u00e0 tout moment sans pr\u00e9avis.<\/p><p>Di nightingale peut \u00e0 tout moment et de temps \u00e0 autre r\u00e9viser ces conditions d'utilisation en mettant \u00e0 jour cette publication. En utilisant ce site, vous acceptez d'\u00eatre li\u00e9 par ces conditions d'utilisation et toute r\u00e9vision de celles-ci et vous acceptez que vous devriez donc visiter p\u00e9riodiquement cette publication pour d\u00e9terminer les conditions d'utilisation alors en vigueur auxquelles vous \u00eates li\u00e9.<\/p><p>Si vous avez des questions concernant cet accord, veuillez les envoyer \u00e0 :<\/p><p>Le rossignol<br \/>121 N Dixie Highway\u00a0<br \/>Hallandale Beach, FL 33009<br \/>USA<\/p><p>T\u00e9l\u00e9phone 1 954 957 3155<br \/>E-mail: <a href=\"mailto:dnightingale@scentedpotions.com\">dnightingale@scentedpotions.com<\/a><\/p><\/div><\/div><\/div><\/div><\/div><\/div><\/div><\/article><\/div>\t\t\t\t\t\t\t\t<\/div>\n\t\t\t\t<\/div>\n\t\t\t\t\t<\/div>\n\t\t<\/div>\n\t\t\t\t\t<\/div>\n\t\t<\/section>\n\t\t\t\t<\/div>","protected":false},"excerpt":{"rendered":"<p>TERMS &amp; CONDITIONS By visiting this site you agree to the following Terms of Use: All information, products and services provided by Scented Potions are provided \u201cas is\u201d and \u201cas available\u201d without warranty of any kind. Scented Potions hereby disclaims all warranties and conditions with regard to this information and services, including all implied warranties [&hellip;]<\/p>","protected":false},"author":23,"featured_media":0,"parent":0,"menu_order":0,"comment_status":"closed","ping_status":"closed","template":"","meta":{"site-sidebar-layout":"no-sidebar","site-content-layout":"page-builder","ast-site-content-layout":"","site-content-style":"default","site-sidebar-style":"default","ast-global-header-display":"","ast-banner-title-visibility":"","ast-main-header-display":"","ast-hfb-above-header-display":"","ast-hfb-below-header-display":"","ast-hfb-mobile-header-display":"","site-post-title":"disabled","ast-breadcrumbs-content":"","ast-featured-img":"disabled","footer-sml-layout":"","theme-transparent-header-meta":"","adv-header-id-meta":"","stick-header-meta":"","header-above-stick-meta":"","header-main-stick-meta":"","header-below-stick-meta":"","astra-migrate-meta-layouts":"default","ast-page-background-enabled":"default","ast-page-background-meta":{"desktop":{"background-color":"","background-image":"","background-repeat":"repeat","background-position":"center center","background-size":"auto","background-attachment":"scroll","background-type":"","background-media":"","overlay-type":"","overlay-color":"","overlay-gradient":""},"tablet":{"background-color":"","background-image":"","background-repeat":"repeat","background-position":"center center","background-size":"auto","background-attachment":"scroll","background-type":"","background-media":"","overlay-type":"","overlay-color":"","overlay-gradient":""},"mobile":{"background-color":"","background-image":"","background-repeat":"repeat","background-position":"center center","background-size":"auto","background-attachment":"scroll","background-type":"","background-media":"","overlay-type":"","overlay-color":"","overlay-gradient":""}},"ast-content-background-meta":{"desktop":{"background-color":"var(--ast-global-color-5)","background-image":"","background-repeat":"repeat","background-position":"center center","background-size":"auto","background-attachment":"scroll","background-type":"","background-media":"","overlay-type":"","overlay-color":"","overlay-gradient":""},"tablet":{"background-color":"var(--ast-global-color-5)","background-image":"","background-repeat":"repeat","background-position":"center center","background-size":"auto","background-attachment":"scroll","background-type":"","background-media":"","overlay-type":"","overlay-color":"","overlay-gradient":""},"mobile":{"background-color":"var(--ast-global-color-5)","background-image":"","background-repeat":"repeat","background-position":"center center","background-size":"auto","background-attachment":"scroll","background-type":"","background-media":"","overlay-type":"","overlay-color":"","overlay-gradient":""}},"footnotes":""},"_links":{"self":[{"href":"https:\/\/dinightingale.com\/fr\/wp-json\/wp\/v2\/pages\/16724"}],"collection":[{"href":"https:\/\/dinightingale.com\/fr\/wp-json\/wp\/v2\/pages"}],"about":[{"href":"https:\/\/dinightingale.com\/fr\/wp-json\/wp\/v2\/types\/page"}],"author":[{"embeddable":true,"href":"https:\/\/dinightingale.com\/fr\/wp-json\/wp\/v2\/users\/23"}],"replies":[{"embeddable":true,"href":"https:\/\/dinightingale.com\/fr\/wp-json\/wp\/v2\/comments?post=16724"}],"version-history":[{"count":5,"href":"https:\/\/dinightingale.com\/fr\/wp-json\/wp\/v2\/pages\/16724\/revisions"}],"predecessor-version":[{"id":24921,"href":"https:\/\/dinightingale.com\/fr\/wp-json\/wp\/v2\/pages\/16724\/revisions\/24921"}],"wp:attachment":[{"href":"https:\/\/dinightingale.com\/fr\/wp-json\/wp\/v2\/media?parent=16724"}],"curies":[{"name":"wp","href":"https:\/\/api.w.org\/{rel}","templated":true}]}}