{"id":24259,"date":"2021-01-29T11:50:17","date_gmt":"2021-01-29T16:50:17","guid":{"rendered":"http:\/\/dinightingale.com\/?page_id=24259"},"modified":"2021-01-31T04:25:51","modified_gmt":"2021-01-31T09:25:51","slug":"blog","status":"publish","type":"page","link":"https:\/\/dinightingale.com\/fr\/blog\/","title":{"rendered":"Blog"},"content":{"rendered":"<div data-elementor-type=\"wp-page\" data-elementor-id=\"24259\" class=\"elementor elementor-24259\">\n\t\t\t\t\t\t<section class=\"elementor-section elementor-top-section elementor-element elementor-element-f122281 elementor-section-boxed elementor-section-height-default elementor-section-height-default\" data-id=\"f122281\" data-element_type=\"section\" data-settings=\"{&quot;jet_parallax_layout_list&quot;:[{&quot;jet_parallax_layout_image&quot;:{&quot;url&quot;:&quot;&quot;,&quot;id&quot;:&quot;&quot;,&quot;size&quot;:&quot;&quot;},&quot;_id&quot;:&quot;8d53c96&quot;,&quot;jet_parallax_layout_image_tablet&quot;:{&quot;url&quot;:&quot;&quot;,&quot;id&quot;:&quot;&quot;,&quot;size&quot;:&quot;&quot;},&quot;jet_parallax_layout_image_mobile&quot;:{&quot;url&quot;:&quot;&quot;,&quot;id&quot;:&quot;&quot;,&quot;size&quot;:&quot;&quot;},&quot;jet_parallax_layout_speed&quot;:{&quot;unit&quot;:&quot;%&quot;,&quot;size&quot;:50,&quot;sizes&quot;:[]},&quot;jet_parallax_layout_type&quot;:&quot;scroll&quot;,&quot;jet_parallax_layout_direction&quot;:null,&quot;jet_parallax_layout_fx_direction&quot;:null,&quot;jet_parallax_layout_z_index&quot;:&quot;&quot;,&quot;jet_parallax_layout_bg_x&quot;:50,&quot;jet_parallax_layout_bg_x_tablet&quot;:&quot;&quot;,&quot;jet_parallax_layout_bg_x_mobile&quot;:&quot;&quot;,&quot;jet_parallax_layout_bg_y&quot;:50,&quot;jet_parallax_layout_bg_y_tablet&quot;:&quot;&quot;,&quot;jet_parallax_layout_bg_y_mobile&quot;:&quot;&quot;,&quot;jet_parallax_layout_bg_size&quot;:&quot;auto&quot;,&quot;jet_parallax_layout_bg_size_tablet&quot;:&quot;&quot;,&quot;jet_parallax_layout_bg_size_mobile&quot;:&quot;&quot;,&quot;jet_parallax_layout_animation_prop&quot;:&quot;transform&quot;,&quot;jet_parallax_layout_on&quot;:[&quot;desktop&quot;,&quot;tablet&quot;]}],&quot;background_background&quot;:&quot;classic&quot;}\">\n\t\t\t\t\t\t<div class=\"elementor-container elementor-column-gap-default\">\n\t\t\t\t\t<div class=\"elementor-column elementor-col-100 elementor-top-column elementor-element elementor-element-06da84f\" data-id=\"06da84f\" data-element_type=\"column\" data-settings=\"{&quot;background_background&quot;:&quot;classic&quot;}\">\n\t\t\t<div class=\"elementor-widget-wrap elementor-element-populated\">\n\t\t\t\t\t\t<div class=\"elementor-element elementor-element-bc9d41b elementor-widget elementor-widget-heading\" data-id=\"bc9d41b\" data-element_type=\"widget\" data-widget_type=\"heading.default\">\n\t\t\t\t<div class=\"elementor-widget-container\">\n\t\t\t\t\t<h2 class=\"elementor-heading-title elementor-size-default\">Damaris Rossignol<\/h2>\t\t\t\t<\/div>\n\t\t\t\t<\/div>\n\t\t\t\t<div class=\"elementor-element elementor-element-119b1d4 elementor-widget elementor-widget-heading\" data-id=\"119b1d4\" data-element_type=\"widget\" data-widget_type=\"heading.default\">\n\t\t\t\t<div class=\"elementor-widget-container\">\n\t\t\t\t\t<h2 class=\"elementor-heading-title elementor-size-default\">Exp\u00e9rience parfum\u00e9e stimulante. Cours pratiques en direct<\/h2>\t\t\t\t<\/div>\n\t\t\t\t<\/div>\n\t\t\t\t\t<\/div>\n\t\t<\/div>\n\t\t\t\t\t<\/div>\n\t\t<\/section>\n\t\t\t\t<section class=\"elementor-section elementor-top-section elementor-element elementor-element-b4976d7 elementor-section-boxed elementor-section-height-default elementor-section-height-default\" data-id=\"b4976d7\" data-element_type=\"section\" data-settings=\"{&quot;jet_parallax_layout_list&quot;:[{&quot;jet_parallax_layout_image&quot;:{&quot;url&quot;:&quot;&quot;,&quot;id&quot;:&quot;&quot;,&quot;size&quot;:&quot;&quot;},&quot;_id&quot;:&quot;b9d7198&quot;,&quot;jet_parallax_layout_image_tablet&quot;:{&quot;url&quot;:&quot;&quot;,&quot;id&quot;:&quot;&quot;,&quot;size&quot;:&quot;&quot;},&quot;jet_parallax_layout_image_mobile&quot;:{&quot;url&quot;:&quot;&quot;,&quot;id&quot;:&quot;&quot;,&quot;size&quot;:&quot;&quot;},&quot;jet_parallax_layout_speed&quot;:{&quot;unit&quot;:&quot;%&quot;,&quot;size&quot;:50,&quot;sizes&quot;:[]},&quot;jet_parallax_layout_type&quot;:&quot;scroll&quot;,&quot;jet_parallax_layout_direction&quot;:null,&quot;jet_parallax_layout_fx_direction&quot;:null,&quot;jet_parallax_layout_z_index&quot;:&quot;&quot;,&quot;jet_parallax_layout_bg_x&quot;:50,&quot;jet_parallax_layout_bg_x_tablet&quot;:&quot;&quot;,&quot;jet_parallax_layout_bg_x_mobile&quot;:&quot;&quot;,&quot;jet_parallax_layout_bg_y&quot;:50,&quot;jet_parallax_layout_bg_y_tablet&quot;:&quot;&quot;,&quot;jet_parallax_layout_bg_y_mobile&quot;:&quot;&quot;,&quot;jet_parallax_layout_bg_size&quot;:&quot;auto&quot;,&quot;jet_parallax_layout_bg_size_tablet&quot;:&quot;&quot;,&quot;jet_parallax_layout_bg_size_mobile&quot;:&quot;&quot;,&quot;jet_parallax_layout_animation_prop&quot;:&quot;transform&quot;,&quot;jet_parallax_layout_on&quot;:[&quot;desktop&quot;,&quot;tablet&quot;]}]}\">\n\t\t\t\t\t\t<div class=\"elementor-container elementor-column-gap-default\">\n\t\t\t\t\t<div class=\"elementor-column elementor-col-100 elementor-top-column elementor-element elementor-element-86074f1\" data-id=\"86074f1\" data-element_type=\"column\">\n\t\t\t<div class=\"elementor-widget-wrap elementor-element-populated\">\n\t\t\t\t\t\t<div class=\"elementor-element elementor-element-0a67526 elementor-widget elementor-widget-spacer\" data-id=\"0a67526\" data-element_type=\"widget\" data-widget_type=\"spacer.default\">\n\t\t\t\t<div class=\"elementor-widget-container\">\n\t\t\t\t\t\t\t<div class=\"elementor-spacer\">\n\t\t\t<div class=\"elementor-spacer-inner\"><\/div>\n\t\t<\/div>\n\t\t\t\t\t\t<\/div>\n\t\t\t\t<\/div>\n\t\t\t\t\t<\/div>\n\t\t<\/div>\n\t\t\t\t\t<\/div>\n\t\t<\/section>\n\t\t\t\t<section class=\"elementor-section elementor-top-section elementor-element elementor-element-cab0c48 elementor-section-boxed elementor-section-height-default elementor-section-height-default\" data-id=\"cab0c48\" data-element_type=\"section\" data-settings=\"{&quot;jet_parallax_layout_list&quot;:[{&quot;jet_parallax_layout_image&quot;:{&quot;url&quot;:&quot;&quot;,&quot;id&quot;:&quot;&quot;,&quot;size&quot;:&quot;&quot;},&quot;_id&quot;:&quot;5bbd453&quot;,&quot;jet_parallax_layout_image_tablet&quot;:{&quot;url&quot;:&quot;&quot;,&quot;id&quot;:&quot;&quot;,&quot;size&quot;:&quot;&quot;},&quot;jet_parallax_layout_image_mobile&quot;:{&quot;url&quot;:&quot;&quot;,&quot;id&quot;:&quot;&quot;,&quot;size&quot;:&quot;&quot;},&quot;jet_parallax_layout_speed&quot;:{&quot;unit&quot;:&quot;%&quot;,&quot;size&quot;:50,&quot;sizes&quot;:[]},&quot;jet_parallax_layout_type&quot;:&quot;scroll&quot;,&quot;jet_parallax_layout_direction&quot;:null,&quot;jet_parallax_layout_fx_direction&quot;:null,&quot;jet_parallax_layout_z_index&quot;:&quot;&quot;,&quot;jet_parallax_layout_bg_x&quot;:50,&quot;jet_parallax_layout_bg_x_tablet&quot;:&quot;&quot;,&quot;jet_parallax_layout_bg_x_mobile&quot;:&quot;&quot;,&quot;jet_parallax_layout_bg_y&quot;:50,&quot;jet_parallax_layout_bg_y_tablet&quot;:&quot;&quot;,&quot;jet_parallax_layout_bg_y_mobile&quot;:&quot;&quot;,&quot;jet_parallax_layout_bg_size&quot;:&quot;auto&quot;,&quot;jet_parallax_layout_bg_size_tablet&quot;:&quot;&quot;,&quot;jet_parallax_layout_bg_size_mobile&quot;:&quot;&quot;,&quot;jet_parallax_layout_animation_prop&quot;:&quot;transform&quot;,&quot;jet_parallax_layout_on&quot;:[&quot;desktop&quot;,&quot;tablet&quot;]}]}\">\n\t\t\t\t\t\t<div class=\"elementor-container elementor-column-gap-default\">\n\t\t\t\t\t<div class=\"elementor-column elementor-col-100 elementor-top-column elementor-element elementor-element-1df0c71\" data-id=\"1df0c71\" data-element_type=\"column\">\n\t\t\t<div class=\"elementor-widget-wrap elementor-element-populated\">\n\t\t\t\t\t\t<div class=\"elementor-element elementor-element-bd0e07f elementor-grid-mobile-eael-col-2 elementor-grid-eael-col-4 elementor-grid-tablet-eael-col-2 elementor-widget elementor-widget-eael-post-grid\" data-id=\"bd0e07f\" data-element_type=\"widget\" data-settings=\"{&quot;eael_post_grid_columns_mobile&quot;:&quot;eael-col-2&quot;,&quot;eael_post_grid_columns&quot;:&quot;eael-col-4&quot;,&quot;eael_post_grid_columns_tablet&quot;:&quot;eael-col-2&quot;}\" data-widget_type=\"eael-post-grid.default\">\n\t\t\t\t<div class=\"elementor-widget-container\">\n\t\t\t\t\t<div id=\"eael-post-grid-bd0e07f\" class=\"eael-post-grid-container\">\n            <div class=\"eael-post-grid eael-post-appender eael-post-appender-bd0e07f eael-post-grid-style-default\" data-layout-mode=\"masonry\"><article class=\"eael-grid-post eael-post-grid-column\" data-id=\"24957\">\n        <div class=\"eael-grid-post-holder\">\n            <div class=\"eael-grid-post-holder-inner\"><div class=\"eael-entry-media\"><div class=\"eael-entry-overlay fade-in\"><i class=\"fas fa-long-arrow-alt-right\" aria-hidden=\"true\"><\/i><a href=\"https:\/\/dinightingale.com\/fr\/sneaky-dehydration\/\"><\/a><\/div><div class=\"eael-entry-thumbnail\">\n                <img fetchpriority=\"high\" decoding=\"async\" width=\"300\" height=\"194\" src=\"https:\/\/dinightingale.com\/wp-content\/uploads\/2022\/05\/download-60-300x194.png\" class=\"attachment-medium size-medium wp-image-24958\" alt=\"\" srcset=\"https:\/\/dinightingale.com\/wp-content\/uploads\/2022\/05\/download-60-300x194.png 300w, https:\/\/dinightingale.com\/wp-content\/uploads\/2022\/05\/download-60-18x12.png 18w, https:\/\/dinightingale.com\/wp-content\/uploads\/2022\/05\/download-60-422x272.png 422w, https:\/\/dinightingale.com\/wp-content\/uploads\/2022\/05\/download-60-93x60.png 93w, https:\/\/dinightingale.com\/wp-content\/uploads\/2022\/05\/download-60-140x90.png 140w, https:\/\/dinightingale.com\/wp-content\/uploads\/2022\/05\/download-60.png 620w\" sizes=\"(max-width: 300px) 100vw, 300px\" title=\"\">\n            <\/div>\n        <\/div><div class=\"eael-entry-wrapper\"><header class=\"eael-entry-header\"><h2 class=\"eael-entry-title\"><a class=\"eael-grid-post-link\" href=\"https:\/\/dinightingale.com\/fr\/sneaky-dehydration\/\" title=\"SNEAKY DEHYDRATION\">SNEAKY DEHYDRATION<\/a><\/h2><\/header><div class=\"eael-entry-content\">\n                        <div class=\"eael-grid-post-excerpt\"><p>SNEAKY DEHYDRATION You could be dehydrated and not know it...<\/p><a href=\"https:\/\/dinightingale.com\/fr\/sneaky-dehydration\/\" class=\"eael-post-elements-readmore-btn\">Lire la suite<\/a><\/div>\n                    <\/div><div class=\"eael-entry-footer\"><div class=\"eael-author-avatar\"><a href=\"https:\/\/dinightingale.com\/fr\/author\/damaris\/\"><img decoding=\"async\" alt=\"Damaris\" src=\"https:\/\/secure.gravatar.com\/avatar\/1f682380eff4fef453f44e63c3bf7ceb?s=96&#038;d=mm&#038;r=g\" srcset=\"https:\/\/secure.gravatar.com\/avatar\/1f682380eff4fef453f44e63c3bf7ceb?s=192&#038;d=mm&#038;r=g 2x\" class=\"avatar avatar-96 photo\" height=\"96\" width=\"96\" title=\"\"><\/a><\/div><div class=\"eael-entry-meta\"><span class=\"eael-posted-by\"><a href=\"https:\/\/dinightingale.com\/fr\/author\/damaris\/\" title=\"Articles par Damaris\" rel=\"author\">Damaris<\/a><\/span><span class=\"eael-posted-on\"><time datetime=\"mai 16, 2022\">mai 16, 2022<\/time><\/span><\/div><\/div><\/div><\/div>\n        <\/div>\n    <\/article><article class=\"eael-grid-post eael-post-grid-column\" data-id=\"24743\">\n        <div class=\"eael-grid-post-holder\">\n            <div class=\"eael-grid-post-holder-inner\"><div class=\"eael-entry-media\"><div class=\"eael-entry-overlay fade-in\"><i class=\"fas fa-long-arrow-alt-right\" aria-hidden=\"true\"><\/i><a href=\"https:\/\/dinightingale.com\/fr\/artemisia-annua-could-be-a-promising-covid-19-treatment\/\"><\/a><\/div><div class=\"eael-entry-thumbnail\">\n                <img decoding=\"async\" width=\"300\" height=\"200\" src=\"https:\/\/dinightingale.com\/wp-content\/uploads\/2021\/12\/Artemisia-annua-copy-300x200.jpg\" class=\"attachment-medium size-medium wp-image-24745\" alt=\"\" srcset=\"https:\/\/dinightingale.com\/wp-content\/uploads\/2021\/12\/Artemisia-annua-copy-300x200.jpg 300w, https:\/\/dinightingale.com\/wp-content\/uploads\/2021\/12\/Artemisia-annua-copy-1024x684.jpg 1024w, https:\/\/dinightingale.com\/wp-content\/uploads\/2021\/12\/Artemisia-annua-copy-768x513.jpg 768w, https:\/\/dinightingale.com\/wp-content\/uploads\/2021\/12\/Artemisia-annua-copy-422x282.jpg 422w, https:\/\/dinightingale.com\/wp-content\/uploads\/2021\/12\/Artemisia-annua-copy-90x60.jpg 90w, https:\/\/dinightingale.com\/wp-content\/uploads\/2021\/12\/Artemisia-annua-copy-135x90.jpg 135w, https:\/\/dinightingale.com\/wp-content\/uploads\/2021\/12\/Artemisia-annua-copy.jpg 1200w\" sizes=\"(max-width: 300px) 100vw, 300px\" title=\"\">\n            <\/div>\n        <\/div><div class=\"eael-entry-wrapper\"><header class=\"eael-entry-header\"><h2 class=\"eael-entry-title\"><a class=\"eael-grid-post-link\" href=\"https:\/\/dinightingale.com\/fr\/artemisia-annua-could-be-a-promising-covid-19-treatment\/\" title=\"Artemisia Annua pourrait \u00eatre un traitement COVID-19 prometteur\">Artemisia Annua pourrait \u00eatre un traitement COVID-19 prometteur<\/a><\/h2><\/header><div class=\"eael-entry-content\">\n                        <div class=\"eael-grid-post-excerpt\"><p>Le monde s'est arr\u00eat\u00e9 en d\u00e9cembre 2019 apr\u00e8s...<\/p><a href=\"https:\/\/dinightingale.com\/fr\/artemisia-annua-could-be-a-promising-covid-19-treatment\/\" class=\"eael-post-elements-readmore-btn\">Lire la suite<\/a><\/div>\n                    <\/div><div class=\"eael-entry-footer\"><div class=\"eael-author-avatar\"><a href=\"https:\/\/dinightingale.com\/fr\/author\/damaris\/\"><img decoding=\"async\" alt=\"Damaris\" src=\"https:\/\/secure.gravatar.com\/avatar\/1f682380eff4fef453f44e63c3bf7ceb?s=96&#038;d=mm&#038;r=g\" srcset=\"https:\/\/secure.gravatar.com\/avatar\/1f682380eff4fef453f44e63c3bf7ceb?s=192&#038;d=mm&#038;r=g 2x\" class=\"avatar avatar-96 photo\" height=\"96\" width=\"96\" title=\"\"><\/a><\/div><div class=\"eael-entry-meta\"><span class=\"eael-posted-by\"><a href=\"https:\/\/dinightingale.com\/fr\/author\/damaris\/\" title=\"Articles par Damaris\" rel=\"author\">Damaris<\/a><\/span><span class=\"eael-posted-on\"><time datetime=\"d\u00e9cembre 31, 2021\">d\u00e9cembre 31, 2021<\/time><\/span><\/div><\/div><\/div><\/div>\n        <\/div>\n    <\/article><article class=\"eael-grid-post eael-post-grid-column\" data-id=\"24291\">\n        <div class=\"eael-grid-post-holder\">\n            <div class=\"eael-grid-post-holder-inner\"><div class=\"eael-entry-media\"><div class=\"eael-entry-overlay fade-in\"><i class=\"fas fa-long-arrow-alt-right\" aria-hidden=\"true\"><\/i><a href=\"https:\/\/dinightingale.com\/fr\/fragrance-is-about-you\/\"><\/a><\/div><div class=\"eael-entry-thumbnail\">\n                <img loading=\"lazy\" decoding=\"async\" width=\"225\" height=\"300\" src=\"https:\/\/dinightingale.com\/wp-content\/uploads\/2021\/01\/IMG_7227-1-225x300.jpg\" class=\"attachment-medium size-medium wp-image-24035\" alt=\"\" srcset=\"https:\/\/dinightingale.com\/wp-content\/uploads\/2021\/01\/IMG_7227-1-225x300.jpg 225w, https:\/\/dinightingale.com\/wp-content\/uploads\/2021\/01\/IMG_7227-1-768x1024.jpg 768w, https:\/\/dinightingale.com\/wp-content\/uploads\/2021\/01\/IMG_7227-1-1152x1536.jpg 1152w, https:\/\/dinightingale.com\/wp-content\/uploads\/2021\/01\/IMG_7227-1-1536x2048.jpg 1536w, https:\/\/dinightingale.com\/wp-content\/uploads\/2021\/01\/IMG_7227-1-422x563.jpg 422w, https:\/\/dinightingale.com\/wp-content\/uploads\/2021\/01\/IMG_7227-1-scaled.jpg 1920w\" sizes=\"(max-width: 225px) 100vw, 225px\" title=\"\">\n            <\/div>\n        <\/div><div class=\"eael-entry-wrapper\"><header class=\"eael-entry-header\"><h2 class=\"eael-entry-title\"><a class=\"eael-grid-post-link\" href=\"https:\/\/dinightingale.com\/fr\/fragrance-is-about-you\/\" title=\"Le parfum vous concerne\">Le parfum vous concerne<\/a><\/h2><\/header><div class=\"eael-entry-content\">\n                        <div class=\"eael-grid-post-excerpt\"><p>Le parfum est vraiment li\u00e9 \u00e0 ce que vous ressentez. Il y a eu...<\/p><a href=\"https:\/\/dinightingale.com\/fr\/fragrance-is-about-you\/\" class=\"eael-post-elements-readmore-btn\">Lire la suite<\/a><\/div>\n                    <\/div><div class=\"eael-entry-footer\"><div class=\"eael-author-avatar\"><a href=\"https:\/\/dinightingale.com\/fr\/author\/damaris\/\"><img decoding=\"async\" alt=\"Damaris\" src=\"https:\/\/secure.gravatar.com\/avatar\/1f682380eff4fef453f44e63c3bf7ceb?s=96&#038;d=mm&#038;r=g\" srcset=\"https:\/\/secure.gravatar.com\/avatar\/1f682380eff4fef453f44e63c3bf7ceb?s=192&#038;d=mm&#038;r=g 2x\" class=\"avatar avatar-96 photo\" height=\"96\" width=\"96\" title=\"\"><\/a><\/div><div class=\"eael-entry-meta\"><span class=\"eael-posted-by\"><a href=\"https:\/\/dinightingale.com\/fr\/author\/damaris\/\" title=\"Articles par Damaris\" rel=\"author\">Damaris<\/a><\/span><span class=\"eael-posted-on\"><time datetime=\"janvier 31, 2021\">janvier 31, 2021<\/time><\/span><\/div><\/div><\/div><\/div>\n        <\/div>\n    <\/article><article class=\"eael-grid-post eael-post-grid-column\" data-id=\"24278\">\n        <div class=\"eael-grid-post-holder\">\n            <div class=\"eael-grid-post-holder-inner\"><div class=\"eael-entry-media\"><div class=\"eael-entry-overlay fade-in\"><i class=\"fas fa-long-arrow-alt-right\" aria-hidden=\"true\"><\/i><a href=\"https:\/\/dinightingale.com\/fr\/fragrances\/\"><\/a><\/div><div class=\"eael-entry-thumbnail\">\n                <img loading=\"lazy\" decoding=\"async\" width=\"150\" height=\"150\" src=\"https:\/\/dinightingale.com\/wp-content\/uploads\/2022\/02\/newletter-150x150-1.png\" class=\"attachment-medium size-medium wp-image-24878\" alt=\"\" srcset=\"https:\/\/dinightingale.com\/wp-content\/uploads\/2022\/02\/newletter-150x150-1.png 150w, https:\/\/dinightingale.com\/wp-content\/uploads\/2022\/02\/newletter-150x150-1-100x100.png 100w, https:\/\/dinightingale.com\/wp-content\/uploads\/2022\/02\/newletter-150x150-1-60x60.png 60w, https:\/\/dinightingale.com\/wp-content\/uploads\/2022\/02\/newletter-150x150-1-90x90.png 90w\" sizes=\"(max-width: 150px) 100vw, 150px\" title=\"\">\n            <\/div>\n        <\/div><div class=\"eael-entry-wrapper\"><header class=\"eael-entry-header\"><h2 class=\"eael-entry-title\"><a class=\"eael-grid-post-link\" href=\"https:\/\/dinightingale.com\/fr\/fragrances\/\" title=\"Parfums\">Parfums<\/a><\/h2><\/header><div class=\"eael-entry-content\">\n                        <div class=\"eael-grid-post-excerpt\"><p>Il y a des parfums qui nous ram\u00e8nent et il y a...<\/p><a href=\"https:\/\/dinightingale.com\/fr\/fragrances\/\" class=\"eael-post-elements-readmore-btn\">Lire la suite<\/a><\/div>\n                    <\/div><div class=\"eael-entry-footer\"><div class=\"eael-author-avatar\"><a href=\"https:\/\/dinightingale.com\/fr\/author\/damaris\/\"><img decoding=\"async\" alt=\"Damaris\" src=\"https:\/\/secure.gravatar.com\/avatar\/1f682380eff4fef453f44e63c3bf7ceb?s=96&#038;d=mm&#038;r=g\" srcset=\"https:\/\/secure.gravatar.com\/avatar\/1f682380eff4fef453f44e63c3bf7ceb?s=192&#038;d=mm&#038;r=g 2x\" class=\"avatar avatar-96 photo\" height=\"96\" width=\"96\" title=\"\"><\/a><\/div><div class=\"eael-entry-meta\"><span class=\"eael-posted-by\"><a href=\"https:\/\/dinightingale.com\/fr\/author\/damaris\/\" title=\"Articles par Damaris\" rel=\"author\">Damaris<\/a><\/span><span class=\"eael-posted-on\"><time datetime=\"janvier 29, 2021\">janvier 29, 2021<\/time><\/span><\/div><\/div><\/div><\/div>\n        <\/div>\n    <\/article><\/div>\n            <div class=\"clearfix\"><\/div>\n        <\/div>\t\t\t\t<\/div>\n\t\t\t\t<\/div>\n\t\t\t\t\t<\/div>\n\t\t<\/div>\n\t\t\t\t\t<\/div>\n\t\t<\/section>\n\t\t\t\t<\/div>","protected":false},"excerpt":{"rendered":"<p>Damaris Nightingale Empowering Scent-sory Experience. Live Hands On Classes Fragrance is about you Fragrance is really about how you feel. There have been&#8230; Read More DamarisJanuary 31, 2021 Fragrances There are fragrances that take us back and there are&#8230; Read More Halash_dev halash_devJanuary 29, 2021<\/p>","protected":false},"author":31,"featured_media":0,"parent":0,"menu_order":0,"comment_status":"closed","ping_status":"closed","template":"","meta":{"site-sidebar-layout":"no-sidebar","site-content-layout":"page-builder","ast-site-content-layout":"","site-content-style":"default","site-sidebar-style":"default","ast-global-header-display":"","ast-banner-title-visibility":"","ast-main-header-display":"","ast-hfb-above-header-display":"","ast-hfb-below-header-display":"","ast-hfb-mobile-header-display":"","site-post-title":"disabled","ast-breadcrumbs-content":"","ast-featured-img":"disabled","footer-sml-layout":"","theme-transparent-header-meta":"default","adv-header-id-meta":"","stick-header-meta":"","header-above-stick-meta":"","header-main-stick-meta":"","header-below-stick-meta":"","astra-migrate-meta-layouts":"default","ast-page-background-enabled":"default","ast-page-background-meta":{"desktop":{"background-color":"","background-image":"","background-repeat":"repeat","background-position":"center center","background-size":"auto","background-attachment":"scroll","background-type":"","background-media":"","overlay-type":"","overlay-color":"","overlay-gradient":""},"tablet":{"background-color":"","background-image":"","background-repeat":"repeat","background-position":"center center","background-size":"auto","background-attachment":"scroll","background-type":"","background-media":"","overlay-type":"","overlay-color":"","overlay-gradient":""},"mobile":{"background-color":"","background-image":"","background-repeat":"repeat","background-position":"center center","background-size":"auto","background-attachment":"scroll","background-type":"","background-media":"","overlay-type":"","overlay-color":"","overlay-gradient":""}},"ast-content-background-meta":{"desktop":{"background-color":"var(--ast-global-color-5)","background-image":"","background-repeat":"repeat","background-position":"center center","background-size":"auto","background-attachment":"scroll","background-type":"","background-media":"","overlay-type":"","overlay-color":"","overlay-gradient":""},"tablet":{"background-color":"var(--ast-global-color-5)","background-image":"","background-repeat":"repeat","background-position":"center center","background-size":"auto","background-attachment":"scroll","background-type":"","background-media":"","overlay-type":"","overlay-color":"","overlay-gradient":""},"mobile":{"background-color":"var(--ast-global-color-5)","background-image":"","background-repeat":"repeat","background-position":"center center","background-size":"auto","background-attachment":"scroll","background-type":"","background-media":"","overlay-type":"","overlay-color":"","overlay-gradient":""}},"footnotes":""},"_links":{"self":[{"href":"https:\/\/dinightingale.com\/fr\/wp-json\/wp\/v2\/pages\/24259"}],"collection":[{"href":"https:\/\/dinightingale.com\/fr\/wp-json\/wp\/v2\/pages"}],"about":[{"href":"https:\/\/dinightingale.com\/fr\/wp-json\/wp\/v2\/types\/page"}],"author":[{"embeddable":true,"href":"https:\/\/dinightingale.com\/fr\/wp-json\/wp\/v2\/users\/31"}],"replies":[{"embeddable":true,"href":"https:\/\/dinightingale.com\/fr\/wp-json\/wp\/v2\/comments?post=24259"}],"version-history":[{"count":10,"href":"https:\/\/dinightingale.com\/fr\/wp-json\/wp\/v2\/pages\/24259\/revisions"}],"predecessor-version":[{"id":24301,"href":"https:\/\/dinightingale.com\/fr\/wp-json\/wp\/v2\/pages\/24259\/revisions\/24301"}],"wp:attachment":[{"href":"https:\/\/dinightingale.com\/fr\/wp-json\/wp\/v2\/media?parent=24259"}],"curies":[{"name":"wp","href":"https:\/\/api.w.org\/{rel}","templated":true}]}}