{"id":24369,"date":"2021-02-17T15:41:12","date_gmt":"2021-02-17T20:41:12","guid":{"rendered":"http:\/\/dinightingale.com\/carrinho\/"},"modified":"2021-02-17T15:41:12","modified_gmt":"2021-02-17T20:41:12","slug":"carrinho","status":"publish","type":"page","link":"https:\/\/dinightingale.com\/fr\/carrinho\/","title":{"rendered":"Carrinho"},"content":{"rendered":"<h2>THANKS FOR CHOOSING US<\/h2>\n<h2>LOGIN OR SIGN UP BEFORE CHECKOUT. SO, YOU WILL BE ABLE TO GET YOUR ORDER STATUS<\/h2>\n<p>\t\t\t<a href=\"#\" role=\"button\"><br \/>\n\t\t\t\t\t\tSIGN UP\/ LOGIN<br \/>\n\t\t\t\t\t<\/a><br \/>\n\t\t\t\t<\/p>\n<p>POUR TOUTE QUESTION ET PROBL\u00c8ME<\/p>\n<p>NOUS CONTACTER\t\t<\/p>\n<p>Suivez-nous sur les r\u00e9seaux sociaux<\/p>\n<p>\t\t\t\t\t<a href=\"https:\/\/web.facebook.com\/scentedpotions\" target=\"_blank\" rel=\"noopener noreferrer\"><br \/>\n\t\t\t\t\t\tFacebook-f<br \/>\n\t\t\t\t\t\t\t\t\t\t\t<\/a><br \/>\n\t\t\t\t\t<a href=\"https:\/\/www.instagram.com\/scentedpotions\/\" target=\"_blank\" rel=\"noopener noreferrer\"><br \/>\n\t\t\t\t\t\tInstagram<br \/>\n\t\t\t\t\t\t\t\t\t\t\t<\/a><\/p>\n<p>\u00a9 2020 Potions Parfum\u00e9es. Tous les droits sont r\u00e9serv\u00e9s.\u00a0<\/p>","protected":false},"excerpt":{"rendered":"<p>THANKS FOR CHOOSING US LOGIN OR SIGN UP BEFORE CHECKOUT. SO, YOU WILL BE ABLE TO GET YOUR ORDER STATUS SIGN UP\/ LOGIN FOR ANY QUERY AND ISSUES CONTACT US Follow Us on social media Facebook-f Instagram \u00a9 2020 Scented Potions. All rights reserved.\u00a0<\/p>","protected":false},"author":23,"featured_media":0,"parent":0,"menu_order":0,"comment_status":"closed","ping_status":"closed","template":"","meta":{"site-sidebar-layout":"default","site-content-layout":"","ast-site-content-layout":"","site-content-style":"default","site-sidebar-style":"default","ast-global-header-display":"","ast-banner-title-visibility":"","ast-main-header-display":"","ast-hfb-above-header-display":"","ast-hfb-below-header-display":"","ast-hfb-mobile-header-display":"","site-post-title":"","ast-breadcrumbs-content":"","ast-featured-img":"","footer-sml-layout":"","theme-transparent-header-meta":"","adv-header-id-meta":"","stick-header-meta":"","header-above-stick-meta":"","header-main-stick-meta":"","header-below-stick-meta":"","astra-migrate-meta-layouts":"default","ast-page-background-enabled":"default","ast-page-background-meta":{"desktop":{"background-color":"","background-image":"","background-repeat":"repeat","background-position":"center center","background-size":"auto","background-attachment":"scroll","background-type":"","background-media":"","overlay-type":"","overlay-color":"","overlay-gradient":""},"tablet":{"background-color":"","background-image":"","background-repeat":"repeat","background-position":"center center","background-size":"auto","background-attachment":"scroll","background-type":"","background-media":"","overlay-type":"","overlay-color":"","overlay-gradient":""},"mobile":{"background-color":"","background-image":"","background-repeat":"repeat","background-position":"center center","background-size":"auto","background-attachment":"scroll","background-type":"","background-media":"","overlay-type":"","overlay-color":"","overlay-gradient":""}},"ast-content-background-meta":{"desktop":{"background-color":"var(--ast-global-color-5)","background-image":"","background-repeat":"repeat","background-position":"center center","background-size":"auto","background-attachment":"scroll","background-type":"","background-media":"","overlay-type":"","overlay-color":"","overlay-gradient":""},"tablet":{"background-color":"var(--ast-global-color-5)","background-image":"","background-repeat":"repeat","background-position":"center center","background-size":"auto","background-attachment":"scroll","background-type":"","background-media":"","overlay-type":"","overlay-color":"","overlay-gradient":""},"mobile":{"background-color":"var(--ast-global-color-5)","background-image":"","background-repeat":"repeat","background-position":"center center","background-size":"auto","background-attachment":"scroll","background-type":"","background-media":"","overlay-type":"","overlay-color":"","overlay-gradient":""}},"footnotes":""},"_links":{"self":[{"href":"https:\/\/dinightingale.com\/fr\/wp-json\/wp\/v2\/pages\/24369"}],"collection":[{"href":"https:\/\/dinightingale.com\/fr\/wp-json\/wp\/v2\/pages"}],"about":[{"href":"https:\/\/dinightingale.com\/fr\/wp-json\/wp\/v2\/types\/page"}],"author":[{"embeddable":true,"href":"https:\/\/dinightingale.com\/fr\/wp-json\/wp\/v2\/users\/23"}],"replies":[{"embeddable":true,"href":"https:\/\/dinightingale.com\/fr\/wp-json\/wp\/v2\/comments?post=24369"}],"version-history":[{"count":0,"href":"https:\/\/dinightingale.com\/fr\/wp-json\/wp\/v2\/pages\/24369\/revisions"}],"wp:attachment":[{"href":"https:\/\/dinightingale.com\/fr\/wp-json\/wp\/v2\/media?parent=24369"}],"curies":[{"name":"wp","href":"https:\/\/api.w.org\/{rel}","templated":true}]}}