{"id":24524,"date":"2020-09-28T13:04:09","date_gmt":"2020-09-28T17:04:09","guid":{"rendered":"http:\/\/dinightingale.com\/intimidad\/"},"modified":"2021-02-20T10:45:27","modified_gmt":"2021-02-20T15:45:27","slug":"intimidad","status":"publish","type":"page","link":"https:\/\/dinightingale.com\/fr\/intimidad\/","title":{"rendered":"Intimidad"},"content":{"rendered":"<div data-elementor-type=\"wp-page\" data-elementor-id=\"24524\" class=\"elementor elementor-24524\">\n\t\t\t\t\t\t<section class=\"elementor-section elementor-top-section elementor-element elementor-element-ad9d07e elementor-section-boxed elementor-section-height-default elementor-section-height-default\" data-id=\"ad9d07e\" data-element_type=\"section\" data-settings=\"{&quot;jet_parallax_layout_list&quot;:[{&quot;jet_parallax_layout_image&quot;:{&quot;url&quot;:&quot;&quot;,&quot;id&quot;:&quot;&quot;,&quot;size&quot;:&quot;&quot;},&quot;_id&quot;:&quot;47bddab&quot;,&quot;jet_parallax_layout_image_tablet&quot;:{&quot;url&quot;:&quot;&quot;,&quot;id&quot;:&quot;&quot;,&quot;size&quot;:&quot;&quot;},&quot;jet_parallax_layout_image_mobile&quot;:{&quot;url&quot;:&quot;&quot;,&quot;id&quot;:&quot;&quot;,&quot;size&quot;:&quot;&quot;},&quot;jet_parallax_layout_speed&quot;:{&quot;unit&quot;:&quot;%&quot;,&quot;size&quot;:50,&quot;sizes&quot;:[]},&quot;jet_parallax_layout_type&quot;:&quot;scroll&quot;,&quot;jet_parallax_layout_direction&quot;:null,&quot;jet_parallax_layout_fx_direction&quot;:null,&quot;jet_parallax_layout_z_index&quot;:&quot;&quot;,&quot;jet_parallax_layout_bg_x&quot;:50,&quot;jet_parallax_layout_bg_x_tablet&quot;:&quot;&quot;,&quot;jet_parallax_layout_bg_x_mobile&quot;:&quot;&quot;,&quot;jet_parallax_layout_bg_y&quot;:50,&quot;jet_parallax_layout_bg_y_tablet&quot;:&quot;&quot;,&quot;jet_parallax_layout_bg_y_mobile&quot;:&quot;&quot;,&quot;jet_parallax_layout_bg_size&quot;:&quot;auto&quot;,&quot;jet_parallax_layout_bg_size_tablet&quot;:&quot;&quot;,&quot;jet_parallax_layout_bg_size_mobile&quot;:&quot;&quot;,&quot;jet_parallax_layout_animation_prop&quot;:&quot;transform&quot;,&quot;jet_parallax_layout_on&quot;:[&quot;desktop&quot;,&quot;tablet&quot;]}]}\">\n\t\t\t\t\t\t<div class=\"elementor-container elementor-column-gap-default\">\n\t\t\t\t\t<div class=\"elementor-column elementor-col-100 elementor-top-column elementor-element elementor-element-533c18d\" data-id=\"533c18d\" data-element_type=\"column\">\n\t\t\t<div class=\"elementor-widget-wrap elementor-element-populated\">\n\t\t\t\t\t\t<div class=\"elementor-element elementor-element-26895cf elementor-widget elementor-widget-text-editor\" data-id=\"26895cf\" data-element_type=\"widget\" data-widget_type=\"text-editor.default\">\n\t\t\t\t<div class=\"elementor-widget-container\">\n\t\t\t\t\t\t\t\t\t<div class=\"entry-content clear\">\n<h1>Pol\u00edtica de privacidad<\/h1>\n<p>POL\u00cdTICA DE PRIVACIDAD<\/p>\n<p><strong>Quienes somos<\/strong><\/p>\n<p>La direcci\u00f3n de nuestro sitio web es: http:\/\/dinightingale.com<\/p>\n<p><strong>Qu\u00e9 datos personales recopilamos y por qu\u00e9 los recopilamos<\/strong><strong> Comentarios<\/strong><\/p>\n<p>Cuando los visitantes dejan comentarios en el sitio, recopilamos los datos que se muestran en el formulario de comentarios, y tambi\u00e9n la direcci\u00f3n IP del visitante y la cadena del agente de usuario del navegador para ayudar a la detecci\u00f3n de spam.<\/p>\n<p>Es posible que se proporcione al servicio Gravatar una cadena an\u00f3nima creada a partir de su direcci\u00f3n de correo electr\u00f3nico (tambi\u00e9n llamada hash) para ver si la est\u00e1 utilizando. La pol\u00edtica de privacidad del servicio Gravatar est\u00e1 disponible aqu\u00ed: https:\/\/automattic.com\/privacy\/. Despu\u00e9s de la aprobaci\u00f3n de su comentario, su foto de perfil es visible para el p\u00fablico en el contexto de su comentario.<\/p>\n<\/div>\n<p><strong>Medios de comunicaci\u00f3n<\/strong><\/p>\n<p>Si carga im\u00e1genes en el sitio web, debe evitar cargar im\u00e1genes con datos de ubicaci\u00f3n incrustados (GPS EXIF) incluidos. Los visitantes del sitio web pueden descargar y extraer los datos de ubicaci\u00f3n de las im\u00e1genes del sitio web.<\/p>\n<p><strong>Formularios de contacto Cookies<\/strong><\/p>\n<p>Si deja un comentario en nuestro sitio, puede optar por guardar su nombre, direcci\u00f3n de correo electr\u00f3nico y sitio web en cookies. Estos son para su conveniencia para que no tenga que volver a completar sus datos cuando deje otro comentario. Estas cookies durar\u00e1n un a\u00f1o.<\/p>\n<p>Si tiene una cuenta e inicia sesi\u00f3n en este sitio, configuraremos una cookie temporal para determinar si su navegador acepta cookies. Esta cookie no contiene datos personales y se descarta cuando cierra su navegador.<\/p>\n<p>Cuando inicie sesi\u00f3n, tambi\u00e9n configuraremos varias cookies para guardar su informaci\u00f3n de inicio de sesi\u00f3n y sus opciones de visualizaci\u00f3n de pantalla. Las cookies de inicio de sesi\u00f3n duran dos d\u00edas y las cookies de opciones de pantalla duran un a\u00f1o. Si selecciona &#8220;Recordarme&#8221;, su inicio de sesi\u00f3n persistir\u00e1 durante dos semanas. Si cierra sesi\u00f3n en su cuenta, se eliminar\u00e1n las cookies de inicio de sesi\u00f3n.<\/p>\n<p>Si edita o publica un art\u00edculo, se guardar\u00e1 una cookie adicional en su navegador. Esta cookie no incluye datos personales y simplemente indica el ID de publicaci\u00f3n del art\u00edculo que acaba de editar. Caduca despu\u00e9s de 1 d\u00eda.<\/p>\n<p><strong>Contenido incrustado de otros sitios web<\/strong><\/p>\n<p>Los art\u00edculos de este sitio pueden incluir contenido incrustado (por ejemplo, videos, im\u00e1genes, art\u00edculos, etc.). El contenido incrustado de otros sitios web se comporta exactamente de la misma manera que si el visitante hubiera visitado el otro sitio web.<\/p>\n<p>Estos sitios web pueden recopilar datos sobre usted, utilizar cookies, incrustar un seguimiento adicional de terceros y supervisar su interacci\u00f3n con ese contenido incrustado, incluido el seguimiento de su interacci\u00f3n con el contenido incrustado si tiene una cuenta y ha iniciado sesi\u00f3n en ese sitio web.<\/p>\n<p><strong>Anal\u00edtica<\/strong><\/p>\n<p><strong>Con qui\u00e9n compartimos sus datos<\/strong><\/p>\n<p>Cu\u00e1nto tiempo conservamos sus datos<\/p>\n<p>Si deja un comentario, el comentario y sus metadatos se conservan indefinidamente. Esto es para que podamos reconocer y aprobar cualquier comentario de seguimiento autom\u00e1ticamente en lugar de mantenerlos en una cola de moderaci\u00f3n.<\/p>\n<p>Para los usuarios que se registran en nuestro sitio web (si corresponde), tambi\u00e9n almacenamos la informaci\u00f3n personal que proporcionan en su perfil de usuario. Todos los usuarios pueden ver, editar o eliminar su informaci\u00f3n personal en cualquier momento (excepto que no pueden cambiar su nombre de usuario). Los administradores del sitio web tambi\u00e9n pueden ver y editar esa informaci\u00f3n.<\/p>\n<p><strong>Que derechos tienes sobre tus datos<\/strong><\/p>\n<p>Si tiene una cuenta en este sitio o ha dejado comentarios, puede solicitar recibir un archivo exportado de los datos personales que tenemos sobre usted, incluidos los datos que nos haya proporcionado. Tambi\u00e9n puede solicitar que borremos cualquier dato personal que tengamos sobre usted. Esto no incluye ning\u00fan dato que estemos obligados a conservar con fines administrativos, legales o de seguridad.<\/p>\n<p><strong>Donde enviamos sus datos<\/strong><\/p>\n<p>Los comentarios de los visitantes pueden revisarse a trav\u00e9s de un servicio autom\u00e1tico de detecci\u00f3n de spam.<\/p>\n<p><strong>Tu informaci\u00f3n de contacto<\/strong><\/p>\n<p><strong>Informaci\u00f3n Adicional<\/strong><\/p>\n<p><strong>C\u00f3mo protegemos sus datos<\/strong><\/p>\n<p><strong>Qu\u00e9 procedimientos de violaci\u00f3n de datos tenemos implementados<\/strong><\/p>\n<p><strong>De qu\u00e9 terceros recibimos datos<\/strong><\/p>\n<p><strong>Qu\u00e9 toma de decisiones automatizada y \/ o elaboraci\u00f3n de perfiles hacemos con los datos del usuario<\/strong><\/p>\n<p><strong>Requisitos de divulgaci\u00f3n reglamentarios de la industria<\/strong><\/p>\n<\/p>\n<div class=\"entry-content clear\">\n<p>Nos tomamos en serio su privacidad y queremos que sepa c\u00f3mo recopilamos, usamos, compartimos y protegemos su informaci\u00f3n.<\/p>\n<p><strong>Esta pol\u00edtica de privacidad le dice:<\/strong><\/p>\n<p>\u00b7 Qu\u00e9 informaci\u00f3n recopilamos<\/p>\n<p>\u00b7 C\u00f3mo usamos esa informaci\u00f3n<\/p>\n<p>\u00b7 C\u00f3mo podemos compartir esa informaci\u00f3n<\/p>\n<p>\u00b7 C\u00f3mo protegemos su informaci\u00f3n<\/p>\n<p>\u00b7 Sus elecciones con respecto a su informaci\u00f3n personal<\/p>\n<p>Esta Pol\u00edtica se aplica a Scented Potions.com, las tiendas de Scented Potions y otras ubicaciones bajo el nombre de Scented Potions. Podemos publicar informaci\u00f3n adicional si se necesitan m\u00e1s detalles para explicar nuestras pr\u00e1cticas de privacidad.<\/p>\n<p>INFORMACI\u00d3N QUE RECOPILAMOS<\/p>\n<p><strong>Informaci\u00f3n que nos proporciona<\/strong><br \/>Recibimos y podemos almacenar cualquier informaci\u00f3n que ingrese en nuestros sitios web, nos proporcione en nuestras tiendas o proporcione a trav\u00e9s de nuestras aplicaciones m\u00f3viles. Por ejemplo, recopilamos informaci\u00f3n sobre usted cuando realiza un pedido, crea una cuenta, nos llama con una pregunta, crea una Lista de deseos, escribe una rese\u00f1a o utiliza cualquiera de nuestros servicios.<\/p>\n<p>La informaci\u00f3n que recopilamos de usted incluye cosas como:<\/p>\n<p>\u00b7 Tu nombre<\/p>\n<p>\u00b7 Su direcci\u00f3n postal<\/p>\n<p>\u00b7 Tu correo electr\u00f3nico<\/p>\n<p>\u00b7 Su n\u00famero de tel\u00e9fono<\/p>\n<p>\u00b7 Su n\u00famero de tarjeta de cr\u00e9dito y otra informaci\u00f3n de pago<\/p>\n<p>\u00b7 Su n\u00famero de licencia de conducir<\/p>\n<p>\u00b7 Informaci\u00f3n de la solicitud de cr\u00e9dito, como su n\u00famero de seguro social<\/p>\n<p>\u00b7 Informaci\u00f3n demogr\u00e1fica y de estilo de vida, como edad, intereses personales y preferencias de productos<\/p>\n<p>\u00b7 Informaci\u00f3n sobre la ubicaci\u00f3n<\/p>\n<p>Tambi\u00e9n puede incluir informaci\u00f3n que nos brinde sobre otras personas, como el nombre y la direcci\u00f3n de un destinatario del regalo, o el nombre y la informaci\u00f3n de contacto de una persona que lo recoja por amigos y familiares.<\/p>\n<p><strong>Informaci\u00f3n de otras fuentes<\/strong><br \/>Tambi\u00e9n podemos recibir informaci\u00f3n sobre usted de otras fuentes, incluidos terceros que nos ayudan a actualizar, ampliar y analizar nuestros registros e identificar nuevos clientes.<\/p>\n<p><strong>Informacion automatica<\/strong><br \/>Como muchos otros sitios web, tambi\u00e9n recopilamos informaci\u00f3n a trav\u00e9s de cookies y otros medios automatizados. Los sitios web suelen utilizar cookies para guardar datos en su computadora. La informaci\u00f3n que recopilamos de las cookies puede incluir su direcci\u00f3n IP, caracter\u00edsticas del navegador y del dispositivo, URL de referencia y un registro de sus interacciones con nuestros sitios web. Usamos cookies para crear una experiencia de compra m\u00e1s personalizada en nuestros sitios web.<\/p>\n<p>Un tipo de cookie puede permitirnos identificarlo como un cliente particular de una tienda minorista de Scented Potions cuando visita nuestros sitios web y vincular sus actividades en nuestros sitios web a sus interacciones con nosotros en nuestras tiendas. En combinaci\u00f3n con otra informaci\u00f3n que recopilamos, esta cookie puede facilitar la adaptaci\u00f3n de anuncios y ofertas, a veces en relaci\u00f3n con publicidad basada en intereses.<\/p>\n<p>Para ayudarnos a comprender y mejorar nuestras interacciones con los visitantes de nuestros sitios web, podemos permitir que los proveedores de an\u00e1lisis web recopilen informaci\u00f3n en nuestros sitios web utilizando herramientas automatizadas como cookies o balizas web. Tambi\u00e9n podemos compartir informaci\u00f3n personal con esos proveedores. Es posible que tengamos acuerdos similares con anunciantes basados en intereses. La publicidad basada en intereses se trata con m\u00e1s detalle a continuaci\u00f3n.<\/p>\n<p><strong>Informaci\u00f3n sobre la ubicaci\u00f3n<\/strong><br \/>Algunos de nuestros sitios web y aplicaciones m\u00f3viles pueden recopilar cierta informaci\u00f3n, como el tipo de dispositivo m\u00f3vil que est\u00e1 utilizando o su ubicaci\u00f3n espec\u00edfica, para ayudarlo a buscar una de nuestras tiendas. Para permitir que cualquier aplicaci\u00f3n identifique su ubicaci\u00f3n, debe habilitar esta funcionalidad a trav\u00e9s de la configuraci\u00f3n de su dispositivo m\u00f3vil para permitir el uso de tecnolog\u00edas como Wi-Fi, se\u00f1ales GPS, posici\u00f3n de la torre celular u otras tecnolog\u00edas. Pociones perfumadas no tiene control sobre la configuraci\u00f3n de su dispositivo.<\/p>\n<p><strong>Foros p\u00fablicos <\/strong><br \/>Nuestros sitios web ofrecen blogs o foros comunitarios de acceso p\u00fablico. Debe tener en cuenta que cualquier informaci\u00f3n que proporcione en estas \u00e1reas puede ser le\u00edda, recopilada y utilizada por otras personas que accedan a ellas.<\/p>\n<p>C\u00d3MO UTILIZAMOS LA INFORMACI\u00d3N QUE RECOPILAMOS<\/p>\n<p>Usamos la informaci\u00f3n que recopilamos para cosas como:<\/p>\n<p>\u00b7 Cumplir con pedidos y solicitudes de productos, servicios o informaci\u00f3n<\/p>\n<p>\u00b7 Procesamiento de devoluciones, cambios y solicitudes de reserva<\/p>\n<p>\u00b7 Seguimiento y confirmaci\u00f3n de pedidos online<\/p>\n<p>\u00b7 Entrega o instalaci\u00f3n de productos<\/p>\n<p>\u00b7 Gesti\u00f3n de nuestro programa Reward Zone<\/p>\n<p>\u00b7 Productos y servicios de marketing y publicidad<\/p>\n<p>\u00b7 Realizaci\u00f3n de investigaciones y an\u00e1lisis<\/p>\n<p>\u00b7 Establecer y administrar sus cuentas con nosotros<\/p>\n<p>\u00b7 Comunicar cosas como eventos especiales, sorteos, promociones y encuestas<\/p>\n<p>\u00b7 Procesamiento de tarjetas de regalo de pociones perfumadas<\/p>\n<p>\u00b7 Identificarlo en nuestros sitios web y personalizar anuncios y ofertas para usted (tanto en nuestros sitios web como en otros sitios web) en funci\u00f3n de sus interacciones con nosotros en nuestras tiendas y en l\u00ednea.<\/p>\n<p>\u00b7 Facilitar las interacciones con pociones perfumadas y otros, como permitirle enviar por correo electr\u00f3nico un enlace a un amigo<\/p>\n<p>\u00b7 Operar, evaluar y mejorar nuestro negocio<\/p>\n<p><strong>Retenci\u00f3n de datos<\/strong><br \/>Retendremos su informaci\u00f3n mientras su cuenta est\u00e9 activa o seg\u00fan sea necesario para brindarle servicios, cumplir con nuestras obligaciones legales, resolver disputas y hacer cumplir nuestros acuerdos.<\/p>\n<p>C\u00d3MO COMPARTIMOS LA INFORMACI\u00d3N QUE RECOPILAMOS<\/p>\n<p>Scented Potions no vende, alquila ni intercambia su informaci\u00f3n personal con terceros.<\/p>\n<p>Scented Potions Co., Inc. es la empresa matriz de Scented Potions Companies (&#8220;Scented Potions&#8221;) y, como tal, si proporciona informaci\u00f3n a cualquiera de las empresas, tiendas o sitios web que pertenecen o son operados por Scented Potions, esta informaci\u00f3n puede ser combinados o compartidos entre entidades actuales o futuras de Scented Potions Co., Inc., incluidas las filiales y subsidiarias.<\/p>\n<p>Podemos compartir su informaci\u00f3n con terceros para realizar servicios en nuestro nombre, tales como:<\/p>\n<p>\u00b7 Cumplir pedidos<\/p>\n<p>\u00b7 Entrega de paquetes<\/p>\n<p>\u00b7 Programaci\u00f3n y realizaci\u00f3n de instalaciones<\/p>\n<p>\u00b7 Productos de servicio<\/p>\n<p>\u00b7 Mantener nuestro programa Reward Zone<\/p>\n<p>\u00b7 Env\u00edo de comunicaciones de marketing sobre pociones perfumadas<\/p>\n<p>\u00b7 Cumplir con los servicios de suscripci\u00f3n<\/p>\n<p>\u00b7 Realizaci\u00f3n de investigaciones y an\u00e1lisis<\/p>\n<p>\u00b7 Solicitar tarjetas de cr\u00e9dito y procesar pagos con tarjeta de cr\u00e9dito<\/p>\n<p>\u00b7 Proporcionar funciones de chat<\/p>\n<p>A veces, se nos puede solicitar que compartamos informaci\u00f3n personal en respuesta a un reglamento, una orden judicial o una citaci\u00f3n. Tambi\u00e9n podemos compartir informaci\u00f3n cuando creemos que es necesario para cumplir con la ley. Tambi\u00e9n podemos compartir informaci\u00f3n para responder a una solicitud del gobierno o cuando creemos que la divulgaci\u00f3n es necesaria o apropiada para proteger los derechos, la propiedad o la seguridad de Scented Potions, nuestros clientes u otros; para prevenir da\u00f1os o p\u00e9rdidas; o en relaci\u00f3n con una investigaci\u00f3n de una actividad ilegal real o sospechada.<\/p>\n<p>Tambi\u00e9n podemos compartir informaci\u00f3n personal en el caso de una venta corporativa, fusi\u00f3n, adquisici\u00f3n, disoluci\u00f3n o evento similar.<\/p>\n<p>Podemos compartir informaci\u00f3n personal en relaci\u00f3n con productos o servicios financieros relacionados con nuestro negocio, como tarjetas de cr\u00e9dito de marca privada. Tambi\u00e9n podemos compartir informaci\u00f3n personal en relaci\u00f3n con ofertas de productos o servicios de marca compartida. Por ejemplo, cuando solicita una tarjeta de cr\u00e9dito Scented Potions, podemos compartir su informaci\u00f3n personal con nuestros socios bancarios que emiten la tarjeta.<\/p>\n<p>C\u00d3MO PROTEGEMOS LA INFORMACI\u00d3N QUE RECOPILAMOS<\/p>\n<p>Ya sea que est\u00e9 comprando en l\u00ednea o en nuestras tiendas, utilizamos medidas de seguridad razonables para proteger la confidencialidad de la informaci\u00f3n personal bajo nuestro control y limitar adecuadamente el acceso a ella. Las pociones perfumadas no pueden garantizar ni garantizar la seguridad de ninguna informaci\u00f3n que nos transmita y lo hace bajo su propio riesgo.<\/p>\n<p>Usamos una variedad de medidas de seguridad de la informaci\u00f3n para proteger sus transacciones en l\u00ednea con nosotros. Los sitios web de Scented Potions utilizan tecnolog\u00eda de cifrado, como Secure Sockets Layer (SSL), para proteger su informaci\u00f3n personal durante el transporte de datos. SSL protege la informaci\u00f3n que env\u00eda a trav\u00e9s de nuestros sitios web, como la informaci\u00f3n de pedidos, incluido su nombre, direcci\u00f3n y n\u00famero de tarjeta de cr\u00e9dito. La informaci\u00f3n que nos proporciona a trav\u00e9s de nuestro quiosco en la tienda no atraviesa la Internet p\u00fablica.<\/p>\n<p>SUS OPCIONES CON RESPECTO A LA INFORMACI\u00d3N QUE RECOPILAMOS<\/p>\n<p>Puede optar por:<\/p>\n<p>\u00b7 Dejar de recibir correos electr\u00f3nicos de marketing o promocionales, correo directo, comunicaciones de marketing por tel\u00e9fono y m\u00f3viles.<\/p>\n<p>\u00b7 Actualizar y corregir su informaci\u00f3n personal<\/p>\n<p>\u00b7 Cancelar su cuenta o solicitar que ya no usemos su informaci\u00f3n para brindarle servicios<\/p>\n<p>\u00b7 Solicite la eliminaci\u00f3n de su informaci\u00f3n personal de nuestro blog o foro comunitario<\/p>\n<p>Para hacer cualquiera de estos, av\u00edsenos mediante uno de estos m\u00e9todos:<\/p>\n<p>\u00b7 Siga las instrucciones en un correo electr\u00f3nico de marketing o correo directo o comunicaci\u00f3n m\u00f3vil que reciba de nosotros.<\/p>\n<p>\u00b7 Llamar 1<a href=\"tel:305 209 1260\" target=\"_blank\" rel=\"noopener\" data-cke-saved-href=\"tel:305%20209%201260\"> 305-200-1260<\/a> con su solicitud e informaci\u00f3n de contacto actual<\/p>\n<p>\u00b7 Env\u00ede un correo electr\u00f3nico con su solicitud e informaci\u00f3n de contacto actual a: privacymanager@scentedpotions.com<\/p>\n<ul>\n<li>Env\u00ede una carta con su solicitud e informaci\u00f3n de contacto actual a:\n<p>Pociones perfumadas Corporate<br \/>Attn: Atenci\u00f3n al cliente \/ Privacidad<br \/>512 S. Dixie Hwy<br \/>Hallandale, FL 33009<\/p>\n<\/li>\n<\/ul>\n<ul>\n<li>PROTEGER LA PRIVACIDAD DE LOS NI\u00d1OS<\/li>\n<\/ul>\n<p>Estamos comprometidos a proteger la privacidad de los ni\u00f1os en Internet y no recopilamos deliberadamente informaci\u00f3n personal de ni\u00f1os menores de 13 a\u00f1os.<\/p>\n<p>ENLACES A OTROS SITIOS WEB<\/p>\n<p>Nuestros sitios web enlazan con otros sitios web, muchos de los cuales tienen sus propias pol\u00edticas de privacidad. Aseg\u00farese de revisar la pol\u00edtica de privacidad en el sitio que est\u00e1 visitando.<\/p>\n<p>ACTUALIZACIONES DE POL\u00cdTICA DE PRIVACIDAD<\/p>\n<p>Es posible que necesitemos actualizar nuestra Pol\u00edtica de privacidad como pociones perfumadas y nuestros clientes crecen y evolucionan. Si realizamos cambios significativos en la Pol\u00edtica de privacidad, publicaremos un mensaje destacado en nuestro (s) sitio (s) web.<\/p>\n<p>\u00bfTIENE PREGUNTAS?<\/p>\n<p>Si tiene alguna pregunta sobre nuestra Pol\u00edtica de privacidad, haremos todo lo posible para responderla. He aqu\u00ed c\u00f3mo contactarnos:<\/p>\n<p><strong>Tel\u00e9fono:<\/strong><br \/>1-<a href=\"tel:305 209 1260\" target=\"_blank\" rel=\"noopener\" data-cke-saved-href=\"tel:305%20209%201260\"> 305-200-1260<\/a><\/p>\n<p><strong>Correo electr\u00f3nico:<\/strong><br \/><a href=\"mailto:privacymanager@scentedpotions.com\" data-cke-saved-href=\"mailto:privacymanager@scentedpotions.com\">privacymanager@scentedpotions.com<\/a><\/p>\n<p><strong>Habla a:<\/strong><br \/>Pociones perfumadas Corporate<br \/>Attn: Atenci\u00f3n al cliente \/ Privacidad<br \/>200 SW 1st Ave<br \/>Hallandale, FL 33009<\/p>\n<\/div>\n\t\t\t\t\t\t\t\t<\/div>\n\t\t\t\t<\/div>\n\t\t\t\t\t<\/div>\n\t\t<\/div>\n\t\t\t\t\t<\/div>\n\t\t<\/section>\n\t\t\t\t<\/div>","protected":false},"excerpt":{"rendered":"<p>Pol\u00edtica de privacidad POL\u00cdTICA DE PRIVACIDAD Quienes somos La direcci\u00f3n de nuestro sitio web es: http:\/\/dinightingale.com Qu\u00e9 datos personales recopilamos y por qu\u00e9 los recopilamos Comentarios Cuando los visitantes dejan comentarios en el sitio, recopilamos los datos que se muestran en el formulario de comentarios, y tambi\u00e9n la direcci\u00f3n IP del visitante y la cadena [&hellip;]<\/p>","protected":false},"author":23,"featured_media":0,"parent":0,"menu_order":0,"comment_status":"closed","ping_status":"closed","template":"","meta":{"site-sidebar-layout":"no-sidebar","site-content-layout":"page-builder","ast-site-content-layout":"","site-content-style":"default","site-sidebar-style":"default","ast-global-header-display":"","ast-banner-title-visibility":"","ast-main-header-display":"","ast-hfb-above-header-display":"","ast-hfb-below-header-display":"","ast-hfb-mobile-header-display":"","site-post-title":"disabled","ast-breadcrumbs-content":"","ast-featured-img":"disabled","footer-sml-layout":"","theme-transparent-header-meta":"","adv-header-id-meta":"","stick-header-meta":"","header-above-stick-meta":"","header-main-stick-meta":"","header-below-stick-meta":"","astra-migrate-meta-layouts":"default","ast-page-background-enabled":"default","ast-page-background-meta":{"desktop":{"background-color":"","background-image":"","background-repeat":"repeat","background-position":"center center","background-size":"auto","background-attachment":"scroll","background-type":"","background-media":"","overlay-type":"","overlay-color":"","overlay-gradient":""},"tablet":{"background-color":"","background-image":"","background-repeat":"repeat","background-position":"center center","background-size":"auto","background-attachment":"scroll","background-type":"","background-media":"","overlay-type":"","overlay-color":"","overlay-gradient":""},"mobile":{"background-color":"","background-image":"","background-repeat":"repeat","background-position":"center center","background-size":"auto","background-attachment":"scroll","background-type":"","background-media":"","overlay-type":"","overlay-color":"","overlay-gradient":""}},"ast-content-background-meta":{"desktop":{"background-color":"var(--ast-global-color-5)","background-image":"","background-repeat":"repeat","background-position":"center center","background-size":"auto","background-attachment":"scroll","background-type":"","background-media":"","overlay-type":"","overlay-color":"","overlay-gradient":""},"tablet":{"background-color":"var(--ast-global-color-5)","background-image":"","background-repeat":"repeat","background-position":"center center","background-size":"auto","background-attachment":"scroll","background-type":"","background-media":"","overlay-type":"","overlay-color":"","overlay-gradient":""},"mobile":{"background-color":"var(--ast-global-color-5)","background-image":"","background-repeat":"repeat","background-position":"center center","background-size":"auto","background-attachment":"scroll","background-type":"","background-media":"","overlay-type":"","overlay-color":"","overlay-gradient":""}},"footnotes":""},"_links":{"self":[{"href":"https:\/\/dinightingale.com\/fr\/wp-json\/wp\/v2\/pages\/24524"}],"collection":[{"href":"https:\/\/dinightingale.com\/fr\/wp-json\/wp\/v2\/pages"}],"about":[{"href":"https:\/\/dinightingale.com\/fr\/wp-json\/wp\/v2\/types\/page"}],"author":[{"embeddable":true,"href":"https:\/\/dinightingale.com\/fr\/wp-json\/wp\/v2\/users\/23"}],"replies":[{"embeddable":true,"href":"https:\/\/dinightingale.com\/fr\/wp-json\/wp\/v2\/comments?post=24524"}],"version-history":[{"count":3,"href":"https:\/\/dinightingale.com\/fr\/wp-json\/wp\/v2\/pages\/24524\/revisions"}],"predecessor-version":[{"id":24528,"href":"https:\/\/dinightingale.com\/fr\/wp-json\/wp\/v2\/pages\/24524\/revisions\/24528"}],"wp:attachment":[{"href":"https:\/\/dinightingale.com\/fr\/wp-json\/wp\/v2\/media?parent=24524"}],"curies":[{"name":"wp","href":"https:\/\/api.w.org\/{rel}","templated":true}]}}